{"id":529,"date":"2016-05-13T14:48:13","date_gmt":"2016-05-13T14:48:13","guid":{"rendered":"http:\/\/angelikarommel.de\/?page_id=529"},"modified":"2026-01-20T09:50:49","modified_gmt":"2026-01-20T09:50:49","slug":"abgabe-des-welpen","status":"publish","type":"page","link":"https:\/\/angelikarommel.de\/?page_id=529","title":{"rendered":"Abgabe der Welpen"},"content":{"rendered":"<p style=\"text-align: justify;\">Berner Sennenhunde sind Familienhunde, die nur gl\u00fccklich sind, wenn sie in und mit der Familie leben d\u00fcrfen. Eine Zwingerhaltung oder Au\u00dfenhaltung lehnen wir ab!<\/p>\n<p style=\"text-align: justify;\">Wir stecken in der Aufzuchtzeit all unsere Liebe in die Welpen. Sie erhalten einen viermal entwurmten, geimpften und gechipten Welpen. Die Welpenmappe des SSV wird von uns noch durch Futterpl\u00e4ne und Alltagstipps, sowie dem Impfpass erweitert. Die Ahnentafeln dauern immer, da sie von der Zuchtleitung erstellt werden. Sobald wir die Ahnentafeln erhalten, werden wir die frischgebackenen Welpen-Eltern besuchen und ihnen die Ahnentafeln vorbeibringen.<\/p>\n<p style=\"text-align: justify;\">Wie Sie schon festgestellt haben, ist es und sehr wichtig, alle Gesundheitsdaten unserer H\u00fcndinnen und auch die des ausgew\u00e4hlten R\u00fcden offenzulegen. Deshalb erwarten wir von Ihnen, dass Sie ihren Hund im Alter von 12-15 Monaten auf H\u00fcftgelenkdysplasie (HD) und Ellbogendysplasie (ED) r\u00f6ntgen lassen. Die R\u00f6ntgenbescheinigung (ist in der Welpenmappe enthalten) wird vom SSV ausgewertet. Es ist nicht nur f\u00fcr eine gesunde Berner Sennenhund Zucht notwendig, sondern auch f\u00fcr Sie als Hundefreund, denn dadurch erfahren Sie, wie gesund die Gelenke ihres Hundes sind und k\u00f6nnen dementsprechend handeln.<\/p>\n<p style=\"text-align: justify;\">Die j\u00e4hrliche Impfung ihres Hundes ist eine gute Gelegenheit die Lebendmeldung vom Tierarzt ausf\u00fcllen zu lassen. Wir werden Ihnen j\u00e4hrlich eine Lebendmeldung schicken, die Sie dann ausgef\u00fcllt an uns zur\u00fcckschicken, und die wir dann an die Auswertungsstelle im SSV weiterleiten.<\/p>\n<p style=\"text-align: justify;\">Sie sehen, es gibt die verschiedensten Gr\u00fcnde, den Kontakt zu einander nicht zu verlieren. Wir ziehen die Welpen mit viel Liebe und Herzblut auf, der Abschied f\u00e4llt uns nicht leicht. Wir m\u00f6chten immer ein Ansprechpartner f\u00fcr Sie sein.<\/p>\n<p style=\"text-align: center;\">Angelika und Thomas Rommel mit Ronja, Frieda, Finja und Marley<\/p>\n<p style=\"text-align: justify;\">\n","protected":false},"excerpt":{"rendered":"<p>Berner Sennenhunde sind Familienhunde, die nur gl\u00fccklich sind, wenn sie in und mit der Familie leben d\u00fcrfen. Eine Zwingerhaltung oder Au\u00dfenhaltung lehnen wir ab! Wir stecken in der Aufzuchtzeit all unsere Liebe in die Welpen. Sie erhalten einen viermal entwurmten,&hellip; <\/p>\n","protected":false},"author":1,"featured_media":0,"parent":0,"menu_order":0,"comment_status":"closed","ping_status":"closed","template":"","meta":{"footnotes":""},"class_list":["post-529","page","type-page","status-publish","hentry"],"_links":{"self":[{"href":"https:\/\/angelikarommel.de\/index.php?rest_route=\/wp\/v2\/pages\/529","targetHints":{"allow":["GET"]}}],"collection":[{"href":"https:\/\/angelikarommel.de\/index.php?rest_route=\/wp\/v2\/pages"}],"about":[{"href":"https:\/\/angelikarommel.de\/index.php?rest_route=\/wp\/v2\/types\/page"}],"author":[{"embeddable":true,"href":"https:\/\/angelikarommel.de\/index.php?rest_route=\/wp\/v2\/users\/1"}],"replies":[{"embeddable":true,"href":"https:\/\/angelikarommel.de\/index.php?rest_route=%2Fwp%2Fv2%2Fcomments&post=529"}],"version-history":[{"count":6,"href":"https:\/\/angelikarommel.de\/index.php?rest_route=\/wp\/v2\/pages\/529\/revisions"}],"predecessor-version":[{"id":5802,"href":"https:\/\/angelikarommel.de\/index.php?rest_route=\/wp\/v2\/pages\/529\/revisions\/5802"}],"wp:attachment":[{"href":"https:\/\/angelikarommel.de\/index.php?rest_route=%2Fwp%2Fv2%2Fmedia&parent=529"}],"curies":[{"name":"wp","href":"https:\/\/api.w.org\/{rel}","templated":true}]}}