{"id":524,"date":"2016-05-13T14:31:50","date_gmt":"2016-05-13T14:31:50","guid":{"rendered":"http:\/\/angelikarommel.de\/?page_id=524"},"modified":"2026-01-20T09:50:04","modified_gmt":"2026-01-20T09:50:04","slug":"zuchtziel","status":"publish","type":"page","link":"https:\/\/angelikarommel.de\/?page_id=524","title":{"rendered":"Zuchtziel"},"content":{"rendered":"<p style=\"text-align: justify;\">Unsere H\u00fcndinnen sind nach den strengen Richtlinien des SSV zur Zucht zugelassen. Dasselbe gilt f\u00fcr den R\u00fcden, den wir aussuchen.<\/p>\n<p style=\"text-align: justify;\">Unser Ziel ist es gesunde und damit m\u00f6glichst langlebige Berner Sennenhunde zu z\u00fcchten. Ein Berner Sennenhund ist ein Familienhund und muss wesensfest sein. Beide Elternteile wurden von uns verantwortungsbewusst ausgew\u00e4hlt: es werden so viel Gesundheitsdaten und Wesensdaten wie m\u00f6glich von beiden Hunden und deren Vorfahren untersucht. Wie sich diese Gesundheitsdaten zusammensetzen k\u00f6nnen Sie sowohl bei Ronja, Finja als auch bei Frieda unter <a href=\"http:\/\/angelikarommel.de\/?page_id=181\">Gesundheit<\/a> nachlesen. F\u00fcr den R\u00fcden werden diese Daten je nach Auswahl des R\u00fcden \u00fcber dessen Z\u00fcchter zug\u00e4nglich gemacht.<\/p>\n<p style=\"text-align: justify;\">In der <a href=\"http:\/\/angelikarommel.de\/?page_id=512\">Aufzucht <\/a>k\u00f6nnen Sie nachlesen, wie wichtig die Pr\u00e4gephase des Welpen f\u00fcr das Wesen des erwachsenen Hundes ist. Wir werden unsere ganze Liebe, Zeit und Verantwortung in diese Zeit investieren.<\/p>\n<p style=\"text-align: justify;\">\n","protected":false},"excerpt":{"rendered":"<p>Unsere H\u00fcndinnen sind nach den strengen Richtlinien des SSV zur Zucht zugelassen. Dasselbe gilt f\u00fcr den R\u00fcden, den wir aussuchen. Unser Ziel ist es gesunde und damit m\u00f6glichst langlebige Berner Sennenhunde zu z\u00fcchten. Ein Berner Sennenhund ist ein Familienhund und&hellip; <\/p>\n","protected":false},"author":1,"featured_media":0,"parent":0,"menu_order":0,"comment_status":"closed","ping_status":"closed","template":"","meta":{"footnotes":""},"class_list":["post-524","page","type-page","status-publish","hentry"],"_links":{"self":[{"href":"https:\/\/angelikarommel.de\/index.php?rest_route=\/wp\/v2\/pages\/524","targetHints":{"allow":["GET"]}}],"collection":[{"href":"https:\/\/angelikarommel.de\/index.php?rest_route=\/wp\/v2\/pages"}],"about":[{"href":"https:\/\/angelikarommel.de\/index.php?rest_route=\/wp\/v2\/types\/page"}],"author":[{"embeddable":true,"href":"https:\/\/angelikarommel.de\/index.php?rest_route=\/wp\/v2\/users\/1"}],"replies":[{"embeddable":true,"href":"https:\/\/angelikarommel.de\/index.php?rest_route=%2Fwp%2Fv2%2Fcomments&post=524"}],"version-history":[{"count":6,"href":"https:\/\/angelikarommel.de\/index.php?rest_route=\/wp\/v2\/pages\/524\/revisions"}],"predecessor-version":[{"id":5801,"href":"https:\/\/angelikarommel.de\/index.php?rest_route=\/wp\/v2\/pages\/524\/revisions\/5801"}],"wp:attachment":[{"href":"https:\/\/angelikarommel.de\/index.php?rest_route=%2Fwp%2Fv2%2Fmedia&parent=524"}],"curies":[{"name":"wp","href":"https:\/\/api.w.org\/{rel}","templated":true}]}}