{"id":5139,"date":"2024-04-08T13:16:27","date_gmt":"2024-04-08T13:16:27","guid":{"rendered":"https:\/\/angelikarommel.de\/?page_id=5139"},"modified":"2024-04-08T13:16:28","modified_gmt":"2024-04-08T13:16:28","slug":"finja-vom-haselwaeldchen","status":"publish","type":"page","link":"https:\/\/angelikarommel.de\/?page_id=5139","title":{"rendered":"Finja vom Haselw\u00e4ldchen"},"content":{"rendered":"\n\n\n<figure class=\"wp-block-image size-large\"><a href=\"https:\/\/angelikarommel.de\/wp-content\/uploads\/2024\/04\/EPRL9113.jpg\" rel=\"lightbox[5139]\"><img loading=\"lazy\" decoding=\"async\" width=\"1024\" height=\"680\" src=\"https:\/\/angelikarommel.de\/wp-content\/uploads\/2024\/04\/EPRL9113-1024x680.jpg\" alt=\"\" class=\"wp-image-5135\" srcset=\"https:\/\/angelikarommel.de\/wp-content\/uploads\/2024\/04\/EPRL9113-1024x680.jpg 1024w, https:\/\/angelikarommel.de\/wp-content\/uploads\/2024\/04\/EPRL9113-300x199.jpg 300w, https:\/\/angelikarommel.de\/wp-content\/uploads\/2024\/04\/EPRL9113-768x510.jpg 768w, https:\/\/angelikarommel.de\/wp-content\/uploads\/2024\/04\/EPRL9113-1536x1020.jpg 1536w, https:\/\/angelikarommel.de\/wp-content\/uploads\/2024\/04\/EPRL9113.jpg 1600w\" sizes=\"auto, (max-width: 1024px) 100vw, 1024px\" \/><\/a><\/figure>\n\n\n\n<p>Finja vom Haselw\u00e4ldchen wurde am 27. Januar 2024 geboren. Ihre Mutter ist Frieda vom Haselw\u00e4ldchen, ihr Vater ist Bontje Banuro vom Behrengl\u00fcck.\u00a0<\/p>\n<p>Finja verbrachte eine sch\u00f6ne Welpenzeit mit ihren beiden Schwestern Flotte Lotte, Frl. Josefine und ihrem Bruder Fido bei uns im Haselw\u00e4ldchen.<\/p>\n<p>Wir freuen uns auf eine spannende Zeit. Jetzt darf sie erst mal gro\u00df und stark werden.\u00a0<\/p>\n","protected":false},"excerpt":{"rendered":"<p>Finja vom Haselw\u00e4ldchen wurde am 27. Januar 2024 geboren. Ihre Mutter ist Frieda vom Haselw\u00e4ldchen, ihr Vater ist Bontje Banuro vom Behrengl\u00fcck.\u00a0 Finja verbrachte eine sch\u00f6ne Welpenzeit mit ihren beiden Schwestern Flotte Lotte, Frl. Josefine und ihrem Bruder Fido bei&hellip; <\/p>\n","protected":false},"author":1,"featured_media":0,"parent":0,"menu_order":0,"comment_status":"closed","ping_status":"closed","template":"","meta":{"footnotes":""},"class_list":["post-5139","page","type-page","status-publish","hentry"],"_links":{"self":[{"href":"https:\/\/angelikarommel.de\/index.php?rest_route=\/wp\/v2\/pages\/5139","targetHints":{"allow":["GET"]}}],"collection":[{"href":"https:\/\/angelikarommel.de\/index.php?rest_route=\/wp\/v2\/pages"}],"about":[{"href":"https:\/\/angelikarommel.de\/index.php?rest_route=\/wp\/v2\/types\/page"}],"author":[{"embeddable":true,"href":"https:\/\/angelikarommel.de\/index.php?rest_route=\/wp\/v2\/users\/1"}],"replies":[{"embeddable":true,"href":"https:\/\/angelikarommel.de\/index.php?rest_route=%2Fwp%2Fv2%2Fcomments&post=5139"}],"version-history":[{"count":1,"href":"https:\/\/angelikarommel.de\/index.php?rest_route=\/wp\/v2\/pages\/5139\/revisions"}],"predecessor-version":[{"id":5141,"href":"https:\/\/angelikarommel.de\/index.php?rest_route=\/wp\/v2\/pages\/5139\/revisions\/5141"}],"wp:attachment":[{"href":"https:\/\/angelikarommel.de\/index.php?rest_route=%2Fwp%2Fv2%2Fmedia&parent=5139"}],"curies":[{"name":"wp","href":"https:\/\/api.w.org\/{rel}","templated":true}]}}