{"id":512,"date":"2016-05-13T14:16:13","date_gmt":"2016-05-13T14:16:13","guid":{"rendered":"http:\/\/angelikarommel.de\/?page_id=512"},"modified":"2026-01-20T09:49:06","modified_gmt":"2026-01-20T09:49:06","slug":"aufzucht","status":"publish","type":"page","link":"https:\/\/angelikarommel.de\/?page_id=512","title":{"rendered":"Aufzucht"},"content":{"rendered":"<p style=\"text-align: justify;\"><a href=\"https:\/\/angelikarommel.de\/wp-content\/uploads\/2022\/09\/IMG_6219.jpg\" rel=\"lightbox[512]\"><img loading=\"lazy\" decoding=\"async\" class=\"aligncenter size-medium wp-image-4525\" src=\"https:\/\/angelikarommel.de\/wp-content\/uploads\/2022\/09\/IMG_6219-300x225.jpg\" alt=\"\" width=\"300\" height=\"225\" srcset=\"https:\/\/angelikarommel.de\/wp-content\/uploads\/2022\/09\/IMG_6219-300x225.jpg 300w, https:\/\/angelikarommel.de\/wp-content\/uploads\/2022\/09\/IMG_6219-768x576.jpg 768w, https:\/\/angelikarommel.de\/wp-content\/uploads\/2022\/09\/IMG_6219-1024x768.jpg 1024w\" sizes=\"auto, (max-width: 300px) 100vw, 300px\" \/><\/a>Unsere Welpen werden in der Wurfkiste im Welpenzimmer geboren und bleiben dort bis zur Abgabe. Das Welpenzimmer hat einen direkten Zugang zu unserer K\u00fcche und unserem Ess- und Wohnzimmer. Somit haben die Mutter und die Welpen in den ersten 3 Wochen die beste Versorgung durch uns.<\/p>\n<p style=\"text-align: justify;\"><a href=\"https:\/\/angelikarommel.de\/wp-content\/uploads\/2024\/03\/IMG_0451-scaled.jpg\" rel=\"lightbox[512]\"><img loading=\"lazy\" decoding=\"async\" class=\"aligncenter size-medium wp-image-5081\" src=\"https:\/\/angelikarommel.de\/wp-content\/uploads\/2024\/03\/IMG_0451-225x300.jpg\" alt=\"\" width=\"225\" height=\"300\" srcset=\"https:\/\/angelikarommel.de\/wp-content\/uploads\/2024\/03\/IMG_0451-225x300.jpg 225w, https:\/\/angelikarommel.de\/wp-content\/uploads\/2024\/03\/IMG_0451-768x1024.jpg 768w, https:\/\/angelikarommel.de\/wp-content\/uploads\/2024\/03\/IMG_0451-1152x1536.jpg 1152w, https:\/\/angelikarommel.de\/wp-content\/uploads\/2024\/03\/IMG_0451-1536x2048.jpg 1536w, https:\/\/angelikarommel.de\/wp-content\/uploads\/2024\/03\/IMG_0451-scaled.jpg 1920w\" sizes=\"auto, (max-width: 225px) 100vw, 225px\" \/><\/a>Die ersten 3 &#8211; 4 Wochen bleiben die Welpen im Haus, dann wird der direkte Zugang zur Terrasse und zum Garten ge\u00f6ffnet. Nun d\u00fcrfen die Welpen den facettenreichen Garten Schritt f\u00fcr Schritt entdecken:<br \/>\nverschiedene Bodenbeschaffenheiten wie Holzterrasse, Terrassensteine, Kieselsteine und Gartenrasen, Bereiche zum Buddeln, Welpengarten mit verschiedenen Spielsachen (Tunnel, Zelt, Windspiele etc.).<\/p>\n<p style=\"text-align: justify;\">Auch d\u00fcrfen die Welpen Interessenten ab der 4. Lebenswoche die Welpen besuchen. Zu unserer Familie geh\u00f6ren drei erwachsene Kinder, deren Freunde und unsere Eltern. In der direkten Nachbarschaft sind kleine Kinder. Dadurch lernen die Welpen die unterschiedlichsten Menschen in jeder Altersstufe kennen.<\/p>\n<p style=\"text-align: justify;\"><a href=\"https:\/\/angelikarommel.de\/wp-content\/uploads\/2024\/03\/IMG_0606-scaled.jpg\" rel=\"lightbox[512]\"><img loading=\"lazy\" decoding=\"async\" class=\"aligncenter size-medium wp-image-5105\" src=\"https:\/\/angelikarommel.de\/wp-content\/uploads\/2024\/03\/IMG_0606-225x300.jpg\" alt=\"\" width=\"225\" height=\"300\" srcset=\"https:\/\/angelikarommel.de\/wp-content\/uploads\/2024\/03\/IMG_0606-225x300.jpg 225w, https:\/\/angelikarommel.de\/wp-content\/uploads\/2024\/03\/IMG_0606-768x1024.jpg 768w, https:\/\/angelikarommel.de\/wp-content\/uploads\/2024\/03\/IMG_0606-1152x1536.jpg 1152w, https:\/\/angelikarommel.de\/wp-content\/uploads\/2024\/03\/IMG_0606-1536x2048.jpg 1536w, https:\/\/angelikarommel.de\/wp-content\/uploads\/2024\/03\/IMG_0606-scaled.jpg 1920w\" sizes=\"auto, (max-width: 225px) 100vw, 225px\" \/><\/a><\/p>\n<p style=\"text-align: justify;\">Die Sozialisierung der Welpen erfolgt sowohl im Haus als auch im Garten. Im Haus lernen die Welpen alle allt\u00e4glichen Ger\u00e4usche kennen, z.B. Staubsauger, Geschirrsp\u00fcler, K\u00fcchenmaschine, Kaffeemaschine, Radio, Fernseher, Telefon, T\u00fcrklingel etc..<\/p>\n<p style=\"text-align: justify;\"><a href=\"https:\/\/angelikarommel.de\/wp-content\/uploads\/2024\/04\/IMG_0876-scaled.jpg\" rel=\"lightbox[512]\"><img loading=\"lazy\" decoding=\"async\" class=\"aligncenter size-medium wp-image-5159\" src=\"https:\/\/angelikarommel.de\/wp-content\/uploads\/2024\/04\/IMG_0876-225x300.jpg\" alt=\"\" width=\"225\" height=\"300\" srcset=\"https:\/\/angelikarommel.de\/wp-content\/uploads\/2024\/04\/IMG_0876-225x300.jpg 225w, https:\/\/angelikarommel.de\/wp-content\/uploads\/2024\/04\/IMG_0876-768x1024.jpg 768w, https:\/\/angelikarommel.de\/wp-content\/uploads\/2024\/04\/IMG_0876-1152x1536.jpg 1152w, https:\/\/angelikarommel.de\/wp-content\/uploads\/2024\/04\/IMG_0876-1536x2048.jpg 1536w, https:\/\/angelikarommel.de\/wp-content\/uploads\/2024\/04\/IMG_0876-scaled.jpg 1920w\" sizes=\"auto, (max-width: 225px) 100vw, 225px\" \/><\/a>Da wir auf dem Land wohnen, d\u00fcrfen die Welpen ab der 7. Woche mit ihrer Mutter auf Entdeckungsreise in die n\u00e4here Umgebung gehen, erst mal zu Fu\u00df auf umliegende Wiesen und dann auch mit dem Auto in den Wald und in die nahe gelegene Kleinstadt.<\/p>\n<p style=\"text-align: justify;\">Wir tun unser Bestes, dass Sie als K\u00e4ufer gut sozialisierte, wesensfeste und gesunde Berner Sennenhunde erhalten.<\/p>\n<p style=\"text-align: justify;\">Die Zuchtabnahme durch die Zuchtwartin erfolgt nach der 8. Woche. Zu diesem Zeitpunkt sind die Welpen schon viermal entwurmt, geimpft und gechipt. Erst nach der Zuchtabnahme d\u00fcrfen die Welpen zu ihren neuen Familien.<\/p>\n<p style=\"text-align: justify;\">Wir haben selbst einen sehr guten Kontakt zu unseren Z\u00fcchtern, die uns immer zur Seite stehen. Es ist uns ein sehr gro\u00dfes Anliegen, dies auch mit unseren Welpenk\u00e4ufern fortzuf\u00fchren. Wir freuen uns auf regen Kontakt, Telefonate, Bilder und nat\u00fcrlich Besuche, damit nicht nur die Menschen, sondern auch die Hunde den Kontakt nicht verlieren.<\/p>\n<p style=\"text-align: justify;\">Wir hoffen, wir haben Ihr Interesse an Welpen von uns geweckt. Bitte kontaktieren Sie uns fr\u00fchzeitig, so dass wir uns kennenlernen k\u00f6nnen und Sie von Anfang an die Welpenzeit miterleben k\u00f6nnen.<\/p>\n<p style=\"text-align: center;\">Angelika und Thomas Rommel mit Ronja, Frieda, Finja und Marley<\/p>\n<p style=\"text-align: center;\">Tel: 090818057740<\/p>\n<p style=\"text-align: center;\">Handy: 015122396240<\/p>\n<p style=\"text-align: center;\">oder per e-mail<\/p>\n<p style=\"text-align: center;\"><a href=\"mailto:mail@angelikarommel.de\">mail@angelikarommel.de<\/a><\/p>\n","protected":false},"excerpt":{"rendered":"<p>Unsere Welpen werden in der Wurfkiste im Welpenzimmer geboren und bleiben dort bis zur Abgabe. Das Welpenzimmer hat einen direkten Zugang zu unserer K\u00fcche und unserem Ess- und Wohnzimmer. Somit haben die Mutter und die Welpen in den ersten 3&hellip; <\/p>\n","protected":false},"author":1,"featured_media":0,"parent":0,"menu_order":0,"comment_status":"closed","ping_status":"closed","template":"","meta":{"footnotes":""},"class_list":["post-512","page","type-page","status-publish","hentry"],"_links":{"self":[{"href":"https:\/\/angelikarommel.de\/index.php?rest_route=\/wp\/v2\/pages\/512","targetHints":{"allow":["GET"]}}],"collection":[{"href":"https:\/\/angelikarommel.de\/index.php?rest_route=\/wp\/v2\/pages"}],"about":[{"href":"https:\/\/angelikarommel.de\/index.php?rest_route=\/wp\/v2\/types\/page"}],"author":[{"embeddable":true,"href":"https:\/\/angelikarommel.de\/index.php?rest_route=\/wp\/v2\/users\/1"}],"replies":[{"embeddable":true,"href":"https:\/\/angelikarommel.de\/index.php?rest_route=%2Fwp%2Fv2%2Fcomments&post=512"}],"version-history":[{"count":19,"href":"https:\/\/angelikarommel.de\/index.php?rest_route=\/wp\/v2\/pages\/512\/revisions"}],"predecessor-version":[{"id":5800,"href":"https:\/\/angelikarommel.de\/index.php?rest_route=\/wp\/v2\/pages\/512\/revisions\/5800"}],"wp:attachment":[{"href":"https:\/\/angelikarommel.de\/index.php?rest_route=%2Fwp%2Fv2%2Fmedia&parent=512"}],"curies":[{"name":"wp","href":"https:\/\/api.w.org\/{rel}","templated":true}]}}