{"id":497,"date":"2016-05-13T13:25:21","date_gmt":"2016-05-13T13:25:21","guid":{"rendered":"http:\/\/angelikarommel.de\/?page_id=497"},"modified":"2016-05-13T13:43:59","modified_gmt":"2016-05-13T13:43:59","slug":"zucht","status":"publish","type":"page","link":"https:\/\/angelikarommel.de\/?page_id=497","title":{"rendered":"Zucht"},"content":{"rendered":"<p style=\"text-align: justify;\">An erster Stelle steht f\u00fcr uns die Liebe, Zeit und Verantwortung f\u00fcr die wundervolle Rasse der Schweizer Berner Sennenhunde. Unsere Berner Sennenh\u00fcndinnen stammen beide aus Zuchtst\u00e4tten des SSV. Deshalb ist es f\u00fcr mich selbstverst\u00e4ndlich Mitglied im SSV (Schweizer Sennenhundverein) und damit im VDH (Verband des deutschen Hundewesens) und FCI (F\u00e9d\u00e9ration Cynologique Internationale) zu sein, um nach deren strengen Richtlinien zu z\u00fcchten. Somit m\u00f6chte ich den Grundstein f\u00fcr gesunde, langlebige und wesensstarke Berner Sennen Welpen legen.<\/p>\n<div id=\"attachment_498\" style=\"width: 294px\" class=\"wp-caption aligncenter\"><a href=\"http:\/\/angelikarommel.de\/wp-content\/uploads\/2016\/05\/Bellababy1.jpg\" rel=\"lightbox[497]\"><img loading=\"lazy\" decoding=\"async\" aria-describedby=\"caption-attachment-498\" class=\"wp-image-498 size-medium\" src=\"http:\/\/angelikarommel.de\/wp-content\/uploads\/2016\/05\/Bellababy1-284x300.jpg\" alt=\"Bellababy1\" width=\"284\" height=\"300\" srcset=\"https:\/\/angelikarommel.de\/wp-content\/uploads\/2016\/05\/Bellababy1-284x300.jpg 284w, https:\/\/angelikarommel.de\/wp-content\/uploads\/2016\/05\/Bellababy1-768x810.jpg 768w, https:\/\/angelikarommel.de\/wp-content\/uploads\/2016\/05\/Bellababy1-971x1024.jpg 971w, https:\/\/angelikarommel.de\/wp-content\/uploads\/2016\/05\/Bellababy1.jpg 2010w\" sizes=\"auto, (max-width: 284px) 100vw, 284px\" \/><\/a><p id=\"caption-attachment-498\" class=\"wp-caption-text\">Bella<\/p><\/div>\n<div id=\"attachment_501\" style=\"width: 232px\" class=\"wp-caption aligncenter\"><a href=\"http:\/\/angelikarommel.de\/wp-content\/uploads\/2016\/05\/babymara2.jpg\" rel=\"lightbox[497]\"><img loading=\"lazy\" decoding=\"async\" aria-describedby=\"caption-attachment-501\" class=\"wp-image-501 size-medium\" src=\"http:\/\/angelikarommel.de\/wp-content\/uploads\/2016\/05\/babymara2-222x300.jpg\" alt=\"babymara2\" width=\"222\" height=\"300\" srcset=\"https:\/\/angelikarommel.de\/wp-content\/uploads\/2016\/05\/babymara2-222x300.jpg 222w, https:\/\/angelikarommel.de\/wp-content\/uploads\/2016\/05\/babymara2-768x1039.jpg 768w, https:\/\/angelikarommel.de\/wp-content\/uploads\/2016\/05\/babymara2-757x1024.jpg 757w, https:\/\/angelikarommel.de\/wp-content\/uploads\/2016\/05\/babymara2.jpg 1797w\" sizes=\"auto, (max-width: 222px) 100vw, 222px\" \/><\/a><p id=\"caption-attachment-501\" class=\"wp-caption-text\">Mara<\/p><\/div>\n<p>&nbsp;<\/p>\n","protected":false},"excerpt":{"rendered":"<p>An erster Stelle steht f\u00fcr uns die Liebe, Zeit und Verantwortung f\u00fcr die wundervolle Rasse der Schweizer Berner Sennenhunde. Unsere Berner Sennenh\u00fcndinnen stammen beide aus Zuchtst\u00e4tten des SSV. Deshalb ist es f\u00fcr mich selbstverst\u00e4ndlich Mitglied im SSV (Schweizer Sennenhundverein) und&hellip; <\/p>\n","protected":false},"author":1,"featured_media":0,"parent":0,"menu_order":0,"comment_status":"closed","ping_status":"closed","template":"","meta":{"footnotes":""},"class_list":["post-497","page","type-page","status-publish","hentry"],"_links":{"self":[{"href":"https:\/\/angelikarommel.de\/index.php?rest_route=\/wp\/v2\/pages\/497","targetHints":{"allow":["GET"]}}],"collection":[{"href":"https:\/\/angelikarommel.de\/index.php?rest_route=\/wp\/v2\/pages"}],"about":[{"href":"https:\/\/angelikarommel.de\/index.php?rest_route=\/wp\/v2\/types\/page"}],"author":[{"embeddable":true,"href":"https:\/\/angelikarommel.de\/index.php?rest_route=\/wp\/v2\/users\/1"}],"replies":[{"embeddable":true,"href":"https:\/\/angelikarommel.de\/index.php?rest_route=%2Fwp%2Fv2%2Fcomments&post=497"}],"version-history":[{"count":4,"href":"https:\/\/angelikarommel.de\/index.php?rest_route=\/wp\/v2\/pages\/497\/revisions"}],"predecessor-version":[{"id":511,"href":"https:\/\/angelikarommel.de\/index.php?rest_route=\/wp\/v2\/pages\/497\/revisions\/511"}],"wp:attachment":[{"href":"https:\/\/angelikarommel.de\/index.php?rest_route=%2Fwp%2Fv2%2Fmedia&parent=497"}],"curies":[{"name":"wp","href":"https:\/\/api.w.org\/{rel}","templated":true}]}}