{"id":4932,"date":"2023-09-20T08:08:53","date_gmt":"2023-09-20T08:08:53","guid":{"rendered":"https:\/\/angelikarommel.de\/?page_id=4932"},"modified":"2023-10-11T08:37:32","modified_gmt":"2023-10-11T08:37:32","slug":"frieda-koerung","status":"publish","type":"page","link":"https:\/\/angelikarommel.de\/?page_id=4932","title":{"rendered":"Frieda K\u00f6rung"},"content":{"rendered":"\n<p>Frieda wurde am 16.09.2023 ohne Einschr\u00e4nkung in Oberdorla angek\u00f6rt.<\/p>\n\n\n\n<figure class=\"wp-block-image size-large\"><a href=\"https:\/\/angelikarommel.de\/wp-content\/uploads\/2023\/09\/Koerfoto-e1695197211399.jpg\" rel=\"lightbox[4932]\"><img loading=\"lazy\" decoding=\"async\" width=\"1024\" height=\"768\" src=\"https:\/\/angelikarommel.de\/wp-content\/uploads\/2023\/09\/Koerfoto-e1695197211399-1024x768.jpg\" alt=\"\" class=\"wp-image-4933\" srcset=\"https:\/\/angelikarommel.de\/wp-content\/uploads\/2023\/09\/Koerfoto-e1695197211399-1024x768.jpg 1024w, https:\/\/angelikarommel.de\/wp-content\/uploads\/2023\/09\/Koerfoto-e1695197211399-300x225.jpg 300w, https:\/\/angelikarommel.de\/wp-content\/uploads\/2023\/09\/Koerfoto-e1695197211399-768x576.jpg 768w, https:\/\/angelikarommel.de\/wp-content\/uploads\/2023\/09\/Koerfoto-e1695197211399-1536x1152.jpg 1536w, https:\/\/angelikarommel.de\/wp-content\/uploads\/2023\/09\/Koerfoto-e1695197211399.jpg 1920w\" sizes=\"auto, (max-width: 1024px) 100vw, 1024px\" \/><\/a><\/figure>\n\n\n\n<p style=\"text-align: center;\"><a href=\"https:\/\/angelikarommel.de\/wp-content\/uploads\/2023\/10\/koerbericht.pdf\" target=\"_blank\" rel=\"noopener\">K\u00f6rbericht<\/a><\/p>\n<p style=\"text-align: center;\">Die genomischen Zuchtwerte sind beantragt.<\/p>\n","protected":false},"excerpt":{"rendered":"<p>Frieda wurde am 16.09.2023 ohne Einschr\u00e4nkung in Oberdorla angek\u00f6rt. K\u00f6rbericht Die genomischen Zuchtwerte sind beantragt.<\/p>\n","protected":false},"author":1,"featured_media":0,"parent":0,"menu_order":0,"comment_status":"closed","ping_status":"closed","template":"","meta":{"footnotes":""},"class_list":["post-4932","page","type-page","status-publish","hentry"],"_links":{"self":[{"href":"https:\/\/angelikarommel.de\/index.php?rest_route=\/wp\/v2\/pages\/4932","targetHints":{"allow":["GET"]}}],"collection":[{"href":"https:\/\/angelikarommel.de\/index.php?rest_route=\/wp\/v2\/pages"}],"about":[{"href":"https:\/\/angelikarommel.de\/index.php?rest_route=\/wp\/v2\/types\/page"}],"author":[{"embeddable":true,"href":"https:\/\/angelikarommel.de\/index.php?rest_route=\/wp\/v2\/users\/1"}],"replies":[{"embeddable":true,"href":"https:\/\/angelikarommel.de\/index.php?rest_route=%2Fwp%2Fv2%2Fcomments&post=4932"}],"version-history":[{"count":6,"href":"https:\/\/angelikarommel.de\/index.php?rest_route=\/wp\/v2\/pages\/4932\/revisions"}],"predecessor-version":[{"id":4954,"href":"https:\/\/angelikarommel.de\/index.php?rest_route=\/wp\/v2\/pages\/4932\/revisions\/4954"}],"wp:attachment":[{"href":"https:\/\/angelikarommel.de\/index.php?rest_route=%2Fwp%2Fv2%2Fmedia&parent=4932"}],"curies":[{"name":"wp","href":"https:\/\/api.w.org\/{rel}","templated":true}]}}