{"id":4346,"date":"2022-04-09T13:52:52","date_gmt":"2022-04-09T13:52:52","guid":{"rendered":"https:\/\/angelikarommel.de\/?page_id=4346"},"modified":"2023-04-08T13:29:59","modified_gmt":"2023-04-08T13:29:59","slug":"h-wurf-vom-beuchenberg","status":"publish","type":"page","link":"https:\/\/angelikarommel.de\/?page_id=4346","title":{"rendered":"H-Wurf vom Beuchenberg"},"content":{"rendered":"\n<p>Nun sind die B\u00e4ren schon 1 Jahr alt.<\/p>\n<p><a href=\"https:\/\/angelikarommel.de\/wp-content\/uploads\/2023\/04\/BVCJ7531.jpg\" rel=\"lightbox[4346]\"><img loading=\"lazy\" decoding=\"async\" class=\"aligncenter  wp-image-4820\" src=\"https:\/\/angelikarommel.de\/wp-content\/uploads\/2023\/04\/BVCJ7531-169x300.jpg\" alt=\"\" width=\"457\" height=\"811\" srcset=\"https:\/\/angelikarommel.de\/wp-content\/uploads\/2023\/04\/BVCJ7531-169x300.jpg 169w, https:\/\/angelikarommel.de\/wp-content\/uploads\/2023\/04\/BVCJ7531-576x1024.jpg 576w, https:\/\/angelikarommel.de\/wp-content\/uploads\/2023\/04\/BVCJ7531-864x1536.jpg 864w\" sizes=\"auto, (max-width: 457px) 100vw, 457px\" \/><\/a><\/p>\n\n\n\n<p>5 Wochen alt sind die Babys nun schon alt. Vielen Dank an Jana Koch f\u00fcr die wundersch\u00f6nen Bilder.<\/p>\n\n\n\n<figure class=\"wp-block-image\"><img loading=\"lazy\" decoding=\"async\" width=\"1024\" height=\"828\" src=\"https:\/\/angelikarommel.de\/wp-content\/uploads\/2022\/05\/VVVS0174-1024x828.jpg\" alt=\"\" class=\"wp-image-4395\" srcset=\"https:\/\/angelikarommel.de\/wp-content\/uploads\/2022\/05\/VVVS0174-1024x828.jpg 1024w, https:\/\/angelikarommel.de\/wp-content\/uploads\/2022\/05\/VVVS0174-300x243.jpg 300w, https:\/\/angelikarommel.de\/wp-content\/uploads\/2022\/05\/VVVS0174-768x621.jpg 768w, https:\/\/angelikarommel.de\/wp-content\/uploads\/2022\/05\/VVVS0174.jpg 1600w\" sizes=\"auto, (max-width: 1024px) 100vw, 1024px\" \/><\/figure>\n\n\n\n<figure class=\"wp-block-image\"><img loading=\"lazy\" decoding=\"async\" width=\"1024\" height=\"838\" src=\"https:\/\/angelikarommel.de\/wp-content\/uploads\/2022\/05\/PKSE0777-1024x838.jpg\" alt=\"\" class=\"wp-image-4394\" srcset=\"https:\/\/angelikarommel.de\/wp-content\/uploads\/2022\/05\/PKSE0777-1024x838.jpg 1024w, https:\/\/angelikarommel.de\/wp-content\/uploads\/2022\/05\/PKSE0777-300x245.jpg 300w, https:\/\/angelikarommel.de\/wp-content\/uploads\/2022\/05\/PKSE0777-768x628.jpg 768w, https:\/\/angelikarommel.de\/wp-content\/uploads\/2022\/05\/PKSE0777.jpg 1561w\" sizes=\"auto, (max-width: 1024px) 100vw, 1024px\" \/><\/figure>\n\n\n\n<figure class=\"wp-block-image\"><img loading=\"lazy\" decoding=\"async\" width=\"1024\" height=\"683\" src=\"https:\/\/angelikarommel.de\/wp-content\/uploads\/2022\/05\/MFPT6589-1024x683.jpg\" alt=\"\" class=\"wp-image-4393\" srcset=\"https:\/\/angelikarommel.de\/wp-content\/uploads\/2022\/05\/MFPT6589-1024x683.jpg 1024w, https:\/\/angelikarommel.de\/wp-content\/uploads\/2022\/05\/MFPT6589-300x200.jpg 300w, https:\/\/angelikarommel.de\/wp-content\/uploads\/2022\/05\/MFPT6589-768x512.jpg 768w, https:\/\/angelikarommel.de\/wp-content\/uploads\/2022\/05\/MFPT6589.jpg 1500w\" sizes=\"auto, (max-width: 1024px) 100vw, 1024px\" \/><\/figure>\n\n\n\n<figure class=\"wp-block-image\"><img loading=\"lazy\" decoding=\"async\" width=\"1024\" height=\"666\" src=\"https:\/\/angelikarommel.de\/wp-content\/uploads\/2022\/05\/MEUS5378-1024x666.jpg\" alt=\"\" class=\"wp-image-4392\" srcset=\"https:\/\/angelikarommel.de\/wp-content\/uploads\/2022\/05\/MEUS5378-1024x666.jpg 1024w, https:\/\/angelikarommel.de\/wp-content\/uploads\/2022\/05\/MEUS5378-300x195.jpg 300w, https:\/\/angelikarommel.de\/wp-content\/uploads\/2022\/05\/MEUS5378-768x499.jpg 768w, https:\/\/angelikarommel.de\/wp-content\/uploads\/2022\/05\/MEUS5378.jpg 1600w\" sizes=\"auto, (max-width: 1024px) 100vw, 1024px\" \/><\/figure>\n\n\n\n<figure class=\"wp-block-image\"><img loading=\"lazy\" decoding=\"async\" width=\"1024\" height=\"762\" src=\"https:\/\/angelikarommel.de\/wp-content\/uploads\/2022\/05\/KAZL7253-1024x762.jpg\" alt=\"\" class=\"wp-image-4391\" srcset=\"https:\/\/angelikarommel.de\/wp-content\/uploads\/2022\/05\/KAZL7253-1024x762.jpg 1024w, https:\/\/angelikarommel.de\/wp-content\/uploads\/2022\/05\/KAZL7253-300x223.jpg 300w, https:\/\/angelikarommel.de\/wp-content\/uploads\/2022\/05\/KAZL7253-768x571.jpg 768w, https:\/\/angelikarommel.de\/wp-content\/uploads\/2022\/05\/KAZL7253.jpg 1600w\" sizes=\"auto, (max-width: 1024px) 100vw, 1024px\" \/><\/figure>\n\n\n\n<figure class=\"wp-block-image\"><img loading=\"lazy\" decoding=\"async\" width=\"989\" height=\"1024\" src=\"https:\/\/angelikarommel.de\/wp-content\/uploads\/2022\/05\/GPDT0719-989x1024.jpg\" alt=\"\" class=\"wp-image-4390\" srcset=\"https:\/\/angelikarommel.de\/wp-content\/uploads\/2022\/05\/GPDT0719-989x1024.jpg 989w, https:\/\/angelikarommel.de\/wp-content\/uploads\/2022\/05\/GPDT0719-290x300.jpg 290w, https:\/\/angelikarommel.de\/wp-content\/uploads\/2022\/05\/GPDT0719-768x795.jpg 768w, https:\/\/angelikarommel.de\/wp-content\/uploads\/2022\/05\/GPDT0719.jpg 1364w\" sizes=\"auto, (max-width: 989px) 100vw, 989px\" \/><\/figure>\n\n\n\n<p>Nun sind die Zwerge schon 4 Wochen alt<\/p>\n\n\n\n<figure class=\"wp-block-image\"><img loading=\"lazy\" decoding=\"async\" width=\"873\" height=\"1024\" src=\"https:\/\/angelikarommel.de\/wp-content\/uploads\/2022\/05\/VDHG9091-873x1024.jpg\" alt=\"\" class=\"wp-image-4389\" srcset=\"https:\/\/angelikarommel.de\/wp-content\/uploads\/2022\/05\/VDHG9091-873x1024.jpg 873w, https:\/\/angelikarommel.de\/wp-content\/uploads\/2022\/05\/VDHG9091-256x300.jpg 256w, https:\/\/angelikarommel.de\/wp-content\/uploads\/2022\/05\/VDHG9091-768x901.jpg 768w, https:\/\/angelikarommel.de\/wp-content\/uploads\/2022\/05\/VDHG9091.jpg 1080w\" sizes=\"auto, (max-width: 873px) 100vw, 873px\" \/><\/figure>\n\n\n\n<figure class=\"wp-block-image\"><img loading=\"lazy\" decoding=\"async\" width=\"968\" height=\"1024\" src=\"https:\/\/angelikarommel.de\/wp-content\/uploads\/2022\/05\/RRXZ1502-968x1024.jpg\" alt=\"\" class=\"wp-image-4387\" srcset=\"https:\/\/angelikarommel.de\/wp-content\/uploads\/2022\/05\/RRXZ1502-968x1024.jpg 968w, https:\/\/angelikarommel.de\/wp-content\/uploads\/2022\/05\/RRXZ1502-284x300.jpg 284w, https:\/\/angelikarommel.de\/wp-content\/uploads\/2022\/05\/RRXZ1502-768x812.jpg 768w, https:\/\/angelikarommel.de\/wp-content\/uploads\/2022\/05\/RRXZ1502.jpg 1080w\" sizes=\"auto, (max-width: 968px) 100vw, 968px\" \/><\/figure>\n\n\n\n<figure class=\"wp-block-image\"><img loading=\"lazy\" decoding=\"async\" width=\"948\" height=\"1024\" src=\"https:\/\/angelikarommel.de\/wp-content\/uploads\/2022\/05\/UJGP3767-948x1024.jpg\" alt=\"\" class=\"wp-image-4388\" srcset=\"https:\/\/angelikarommel.de\/wp-content\/uploads\/2022\/05\/UJGP3767-948x1024.jpg 948w, https:\/\/angelikarommel.de\/wp-content\/uploads\/2022\/05\/UJGP3767-278x300.jpg 278w, https:\/\/angelikarommel.de\/wp-content\/uploads\/2022\/05\/UJGP3767-768x830.jpg 768w, https:\/\/angelikarommel.de\/wp-content\/uploads\/2022\/05\/UJGP3767.jpg 1080w\" sizes=\"auto, (max-width: 948px) 100vw, 948px\" \/><\/figure>\n\n\n\n<figure class=\"wp-block-image\"><img loading=\"lazy\" decoding=\"async\" width=\"988\" height=\"1024\" src=\"https:\/\/angelikarommel.de\/wp-content\/uploads\/2022\/05\/OGND2260-988x1024.jpg\" alt=\"\" class=\"wp-image-4386\" srcset=\"https:\/\/angelikarommel.de\/wp-content\/uploads\/2022\/05\/OGND2260-988x1024.jpg 988w, https:\/\/angelikarommel.de\/wp-content\/uploads\/2022\/05\/OGND2260-290x300.jpg 290w, https:\/\/angelikarommel.de\/wp-content\/uploads\/2022\/05\/OGND2260-768x796.jpg 768w, https:\/\/angelikarommel.de\/wp-content\/uploads\/2022\/05\/OGND2260.jpg 1080w\" sizes=\"auto, (max-width: 988px) 100vw, 988px\" \/><\/figure>\n\n\n\n<figure class=\"wp-block-image\"><img loading=\"lazy\" decoding=\"async\" width=\"941\" height=\"1024\" src=\"https:\/\/angelikarommel.de\/wp-content\/uploads\/2022\/05\/OACE0546-941x1024.jpg\" alt=\"\" class=\"wp-image-4385\" srcset=\"https:\/\/angelikarommel.de\/wp-content\/uploads\/2022\/05\/OACE0546-941x1024.jpg 941w, https:\/\/angelikarommel.de\/wp-content\/uploads\/2022\/05\/OACE0546-276x300.jpg 276w, https:\/\/angelikarommel.de\/wp-content\/uploads\/2022\/05\/OACE0546-768x836.jpg 768w, https:\/\/angelikarommel.de\/wp-content\/uploads\/2022\/05\/OACE0546.jpg 1080w\" sizes=\"auto, (max-width: 941px) 100vw, 941px\" \/><\/figure>\n\n\n\n<figure class=\"wp-block-image\"><img loading=\"lazy\" decoding=\"async\" width=\"902\" height=\"1024\" src=\"https:\/\/angelikarommel.de\/wp-content\/uploads\/2022\/05\/AKAP0569-902x1024.jpg\" alt=\"\" class=\"wp-image-4384\" srcset=\"https:\/\/angelikarommel.de\/wp-content\/uploads\/2022\/05\/AKAP0569-902x1024.jpg 902w, https:\/\/angelikarommel.de\/wp-content\/uploads\/2022\/05\/AKAP0569-264x300.jpg 264w, https:\/\/angelikarommel.de\/wp-content\/uploads\/2022\/05\/AKAP0569-768x872.jpg 768w, https:\/\/angelikarommel.de\/wp-content\/uploads\/2022\/05\/AKAP0569.jpg 1080w\" sizes=\"auto, (max-width: 902px) 100vw, 902px\" \/><\/figure>\n\n\n\n<p>Die Beuchis sind 3 Wochen alt<\/p>\n\n\n\n<figure class=\"wp-block-image\"><img loading=\"lazy\" decoding=\"async\" width=\"1024\" height=\"1024\" src=\"https:\/\/angelikarommel.de\/wp-content\/uploads\/2022\/05\/ESGS4119-1024x1024.jpg\" alt=\"\" class=\"wp-image-4367\" srcset=\"https:\/\/angelikarommel.de\/wp-content\/uploads\/2022\/05\/ESGS4119-1024x1024.jpg 1024w, https:\/\/angelikarommel.de\/wp-content\/uploads\/2022\/05\/ESGS4119-150x150.jpg 150w, https:\/\/angelikarommel.de\/wp-content\/uploads\/2022\/05\/ESGS4119-300x300.jpg 300w, https:\/\/angelikarommel.de\/wp-content\/uploads\/2022\/05\/ESGS4119-768x767.jpg 768w, https:\/\/angelikarommel.de\/wp-content\/uploads\/2022\/05\/ESGS4119-230x230.jpg 230w, https:\/\/angelikarommel.de\/wp-content\/uploads\/2022\/05\/ESGS4119.jpg 1080w\" sizes=\"auto, (max-width: 1024px) 100vw, 1024px\" \/><\/figure>\n\n\n\n<figure class=\"wp-block-image\"><img loading=\"lazy\" decoding=\"async\" width=\"896\" height=\"1024\" src=\"https:\/\/angelikarommel.de\/wp-content\/uploads\/2022\/05\/IUCN7416-896x1024.jpg\" alt=\"\" class=\"wp-image-4368\" srcset=\"https:\/\/angelikarommel.de\/wp-content\/uploads\/2022\/05\/IUCN7416-896x1024.jpg 896w, https:\/\/angelikarommel.de\/wp-content\/uploads\/2022\/05\/IUCN7416-263x300.jpg 263w, https:\/\/angelikarommel.de\/wp-content\/uploads\/2022\/05\/IUCN7416-768x878.jpg 768w, https:\/\/angelikarommel.de\/wp-content\/uploads\/2022\/05\/IUCN7416.jpg 1080w\" sizes=\"auto, (max-width: 896px) 100vw, 896px\" \/><\/figure>\n\n\n\n<figure class=\"wp-block-image\"><img loading=\"lazy\" decoding=\"async\" width=\"960\" height=\"960\" src=\"https:\/\/angelikarommel.de\/wp-content\/uploads\/2022\/05\/JMPQ7135.jpg\" alt=\"\" class=\"wp-image-4369\" srcset=\"https:\/\/angelikarommel.de\/wp-content\/uploads\/2022\/05\/JMPQ7135.jpg 960w, https:\/\/angelikarommel.de\/wp-content\/uploads\/2022\/05\/JMPQ7135-150x150.jpg 150w, https:\/\/angelikarommel.de\/wp-content\/uploads\/2022\/05\/JMPQ7135-300x300.jpg 300w, https:\/\/angelikarommel.de\/wp-content\/uploads\/2022\/05\/JMPQ7135-768x768.jpg 768w, https:\/\/angelikarommel.de\/wp-content\/uploads\/2022\/05\/JMPQ7135-230x230.jpg 230w\" sizes=\"auto, (max-width: 960px) 100vw, 960px\" \/><\/figure>\n\n\n\n<figure class=\"wp-block-image\"><img loading=\"lazy\" decoding=\"async\" width=\"960\" height=\"802\" src=\"https:\/\/angelikarommel.de\/wp-content\/uploads\/2022\/05\/VZAU8415.jpg\" alt=\"\" class=\"wp-image-4370\" srcset=\"https:\/\/angelikarommel.de\/wp-content\/uploads\/2022\/05\/VZAU8415.jpg 960w, https:\/\/angelikarommel.de\/wp-content\/uploads\/2022\/05\/VZAU8415-300x251.jpg 300w, https:\/\/angelikarommel.de\/wp-content\/uploads\/2022\/05\/VZAU8415-768x642.jpg 768w\" sizes=\"auto, (max-width: 960px) 100vw, 960px\" \/><\/figure>\n\n\n\n<figure class=\"wp-block-image\"><img loading=\"lazy\" decoding=\"async\" width=\"1024\" height=\"1024\" src=\"https:\/\/angelikarommel.de\/wp-content\/uploads\/2022\/05\/WHWE9049-1024x1024.jpg\" alt=\"\" class=\"wp-image-4371\" srcset=\"https:\/\/angelikarommel.de\/wp-content\/uploads\/2022\/05\/WHWE9049-1024x1024.jpg 1024w, https:\/\/angelikarommel.de\/wp-content\/uploads\/2022\/05\/WHWE9049-150x150.jpg 150w, https:\/\/angelikarommel.de\/wp-content\/uploads\/2022\/05\/WHWE9049-300x300.jpg 300w, https:\/\/angelikarommel.de\/wp-content\/uploads\/2022\/05\/WHWE9049-768x767.jpg 768w, https:\/\/angelikarommel.de\/wp-content\/uploads\/2022\/05\/WHWE9049-230x230.jpg 230w, https:\/\/angelikarommel.de\/wp-content\/uploads\/2022\/05\/WHWE9049.jpg 1080w\" sizes=\"auto, (max-width: 1024px) 100vw, 1024px\" \/><\/figure>\n\n\n\n<figure class=\"wp-block-image\"><img loading=\"lazy\" decoding=\"async\" width=\"1024\" height=\"856\" src=\"https:\/\/angelikarommel.de\/wp-content\/uploads\/2022\/05\/XKCK2849-1024x856.jpg\" alt=\"\" class=\"wp-image-4372\" srcset=\"https:\/\/angelikarommel.de\/wp-content\/uploads\/2022\/05\/XKCK2849-1024x856.jpg 1024w, https:\/\/angelikarommel.de\/wp-content\/uploads\/2022\/05\/XKCK2849-300x251.jpg 300w, https:\/\/angelikarommel.de\/wp-content\/uploads\/2022\/05\/XKCK2849-768x642.jpg 768w, https:\/\/angelikarommel.de\/wp-content\/uploads\/2022\/05\/XKCK2849.jpg 1080w\" sizes=\"auto, (max-width: 1024px) 100vw, 1024px\" \/><\/figure>\n\n\n\n<p>Die Beuchis sind 2 Wochen alt<\/p>\n\n\n\n<figure class=\"wp-block-image\"><img loading=\"lazy\" decoding=\"async\" width=\"1012\" height=\"1024\" src=\"https:\/\/angelikarommel.de\/wp-content\/uploads\/2022\/05\/EFCP7813-1012x1024.jpg\" alt=\"\" class=\"wp-image-4361\" srcset=\"https:\/\/angelikarommel.de\/wp-content\/uploads\/2022\/05\/EFCP7813-1012x1024.jpg 1012w, https:\/\/angelikarommel.de\/wp-content\/uploads\/2022\/05\/EFCP7813-296x300.jpg 296w, https:\/\/angelikarommel.de\/wp-content\/uploads\/2022\/05\/EFCP7813-768x777.jpg 768w, https:\/\/angelikarommel.de\/wp-content\/uploads\/2022\/05\/EFCP7813.jpg 1080w\" sizes=\"auto, (max-width: 1012px) 100vw, 1012px\" \/><\/figure>\n\n\n\n<figure class=\"wp-block-image\"><img loading=\"lazy\" decoding=\"async\" width=\"865\" height=\"1024\" src=\"https:\/\/angelikarommel.de\/wp-content\/uploads\/2022\/05\/KYKO4530-865x1024.jpg\" alt=\"\" class=\"wp-image-4362\" srcset=\"https:\/\/angelikarommel.de\/wp-content\/uploads\/2022\/05\/KYKO4530-865x1024.jpg 865w, https:\/\/angelikarommel.de\/wp-content\/uploads\/2022\/05\/KYKO4530-254x300.jpg 254w, https:\/\/angelikarommel.de\/wp-content\/uploads\/2022\/05\/KYKO4530-768x909.jpg 768w, https:\/\/angelikarommel.de\/wp-content\/uploads\/2022\/05\/KYKO4530.jpg 1080w\" sizes=\"auto, (max-width: 865px) 100vw, 865px\" \/><\/figure>\n\n\n\n<figure class=\"wp-block-image\"><img loading=\"lazy\" decoding=\"async\" width=\"954\" height=\"1024\" src=\"https:\/\/angelikarommel.de\/wp-content\/uploads\/2022\/05\/NMAO7952-954x1024.jpg\" alt=\"\" class=\"wp-image-4364\" srcset=\"https:\/\/angelikarommel.de\/wp-content\/uploads\/2022\/05\/NMAO7952-954x1024.jpg 954w, https:\/\/angelikarommel.de\/wp-content\/uploads\/2022\/05\/NMAO7952-280x300.jpg 280w, https:\/\/angelikarommel.de\/wp-content\/uploads\/2022\/05\/NMAO7952-768x824.jpg 768w, https:\/\/angelikarommel.de\/wp-content\/uploads\/2022\/05\/NMAO7952.jpg 1080w\" sizes=\"auto, (max-width: 954px) 100vw, 954px\" \/><\/figure>\n\n\n\n<figure class=\"wp-block-image\"><img loading=\"lazy\" decoding=\"async\" width=\"960\" height=\"931\" src=\"https:\/\/angelikarommel.de\/wp-content\/uploads\/2022\/05\/LALQ8788.jpg\" alt=\"\" class=\"wp-image-4363\" srcset=\"https:\/\/angelikarommel.de\/wp-content\/uploads\/2022\/05\/LALQ8788.jpg 960w, https:\/\/angelikarommel.de\/wp-content\/uploads\/2022\/05\/LALQ8788-300x291.jpg 300w, https:\/\/angelikarommel.de\/wp-content\/uploads\/2022\/05\/LALQ8788-768x745.jpg 768w\" sizes=\"auto, (max-width: 960px) 100vw, 960px\" \/><\/figure>\n\n\n\n<figure class=\"wp-block-image\"><img loading=\"lazy\" decoding=\"async\" width=\"956\" height=\"1024\" src=\"https:\/\/angelikarommel.de\/wp-content\/uploads\/2022\/05\/QEZB5238-956x1024.jpg\" alt=\"\" class=\"wp-image-4365\" srcset=\"https:\/\/angelikarommel.de\/wp-content\/uploads\/2022\/05\/QEZB5238-956x1024.jpg 956w, https:\/\/angelikarommel.de\/wp-content\/uploads\/2022\/05\/QEZB5238-280x300.jpg 280w, https:\/\/angelikarommel.de\/wp-content\/uploads\/2022\/05\/QEZB5238-768x823.jpg 768w, https:\/\/angelikarommel.de\/wp-content\/uploads\/2022\/05\/QEZB5238.jpg 1080w\" sizes=\"auto, (max-width: 956px) 100vw, 956px\" \/><\/figure>\n\n\n\n<figure class=\"wp-block-image\"><img loading=\"lazy\" decoding=\"async\" width=\"904\" height=\"1024\" src=\"https:\/\/angelikarommel.de\/wp-content\/uploads\/2022\/05\/VJWQ7464-904x1024.jpg\" alt=\"\" class=\"wp-image-4366\" srcset=\"https:\/\/angelikarommel.de\/wp-content\/uploads\/2022\/05\/VJWQ7464-904x1024.jpg 904w, https:\/\/angelikarommel.de\/wp-content\/uploads\/2022\/05\/VJWQ7464-265x300.jpg 265w, https:\/\/angelikarommel.de\/wp-content\/uploads\/2022\/05\/VJWQ7464-768x870.jpg 768w, https:\/\/angelikarommel.de\/wp-content\/uploads\/2022\/05\/VJWQ7464.jpg 1080w\" sizes=\"auto, (max-width: 904px) 100vw, 904px\" \/><\/figure>\n\n\n\n<p>Am 7. April 2022 erblickten 6 kleine Beuchis das Licht der Welt.<\/p>\n\n\n\n<figure class=\"wp-block-image\"><img loading=\"lazy\" decoding=\"async\" width=\"821\" height=\"1024\" src=\"https:\/\/angelikarommel.de\/wp-content\/uploads\/2022\/04\/thumbnail_f86c4c64-863f-44b5-8e42-b422f08c5130-821x1024.jpg\" alt=\"\" class=\"wp-image-4340\" srcset=\"https:\/\/angelikarommel.de\/wp-content\/uploads\/2022\/04\/thumbnail_f86c4c64-863f-44b5-8e42-b422f08c5130-821x1024.jpg 821w, https:\/\/angelikarommel.de\/wp-content\/uploads\/2022\/04\/thumbnail_f86c4c64-863f-44b5-8e42-b422f08c5130-240x300.jpg 240w, https:\/\/angelikarommel.de\/wp-content\/uploads\/2022\/04\/thumbnail_f86c4c64-863f-44b5-8e42-b422f08c5130-768x958.jpg 768w, https:\/\/angelikarommel.de\/wp-content\/uploads\/2022\/04\/thumbnail_f86c4c64-863f-44b5-8e42-b422f08c5130.jpg 1026w\" sizes=\"auto, (max-width: 821px) 100vw, 821px\" \/><figcaption>Oxana mit ihren 3 Buben und 3 M\u00e4dchen<\/figcaption><\/figure>\n\n\n\n<figure class=\"wp-block-image\"><img loading=\"lazy\" decoding=\"async\" width=\"1024\" height=\"866\" src=\"https:\/\/angelikarommel.de\/wp-content\/uploads\/2022\/04\/thumbnail_c3651a91-0d4b-4820-ada0-bedebd18a2a5-1024x866.jpg\" alt=\"\" class=\"wp-image-4351\" srcset=\"https:\/\/angelikarommel.de\/wp-content\/uploads\/2022\/04\/thumbnail_c3651a91-0d4b-4820-ada0-bedebd18a2a5-1024x866.jpg 1024w, https:\/\/angelikarommel.de\/wp-content\/uploads\/2022\/04\/thumbnail_c3651a91-0d4b-4820-ada0-bedebd18a2a5-300x254.jpg 300w, https:\/\/angelikarommel.de\/wp-content\/uploads\/2022\/04\/thumbnail_c3651a91-0d4b-4820-ada0-bedebd18a2a5-768x649.jpg 768w, https:\/\/angelikarommel.de\/wp-content\/uploads\/2022\/04\/thumbnail_c3651a91-0d4b-4820-ada0-bedebd18a2a5.jpg 1280w\" sizes=\"auto, (max-width: 1024px) 100vw, 1024px\" \/><figcaption>M\u00e4dchen<\/figcaption><\/figure>\n\n\n\n<figure class=\"wp-block-image\"><img loading=\"lazy\" decoding=\"async\" width=\"1024\" height=\"958\" src=\"https:\/\/angelikarommel.de\/wp-content\/uploads\/2022\/04\/Buben2TAge-1024x958.jpg\" alt=\"\" class=\"wp-image-4350\" srcset=\"https:\/\/angelikarommel.de\/wp-content\/uploads\/2022\/04\/Buben2TAge-1024x958.jpg 1024w, https:\/\/angelikarommel.de\/wp-content\/uploads\/2022\/04\/Buben2TAge-300x281.jpg 300w, https:\/\/angelikarommel.de\/wp-content\/uploads\/2022\/04\/Buben2TAge-768x719.jpg 768w, https:\/\/angelikarommel.de\/wp-content\/uploads\/2022\/04\/Buben2TAge.jpg 1280w\" sizes=\"auto, (max-width: 1024px) 100vw, 1024px\" \/><figcaption>Buben<\/figcaption><\/figure>\n\n\n\n<p><\/p>\n","protected":false},"excerpt":{"rendered":"<p>Nun sind die B\u00e4ren schon 1 Jahr alt. 5 Wochen alt sind die Babys nun schon alt. Vielen Dank an Jana Koch f\u00fcr die wundersch\u00f6nen Bilder. Nun sind die Zwerge schon 4 Wochen alt Die Beuchis sind 3 Wochen alt&hellip; <\/p>\n","protected":false},"author":1,"featured_media":0,"parent":0,"menu_order":0,"comment_status":"closed","ping_status":"closed","template":"","meta":{"footnotes":""},"class_list":["post-4346","page","type-page","status-publish","hentry"],"_links":{"self":[{"href":"https:\/\/angelikarommel.de\/index.php?rest_route=\/wp\/v2\/pages\/4346","targetHints":{"allow":["GET"]}}],"collection":[{"href":"https:\/\/angelikarommel.de\/index.php?rest_route=\/wp\/v2\/pages"}],"about":[{"href":"https:\/\/angelikarommel.de\/index.php?rest_route=\/wp\/v2\/types\/page"}],"author":[{"embeddable":true,"href":"https:\/\/angelikarommel.de\/index.php?rest_route=\/wp\/v2\/users\/1"}],"replies":[{"embeddable":true,"href":"https:\/\/angelikarommel.de\/index.php?rest_route=%2Fwp%2Fv2%2Fcomments&post=4346"}],"version-history":[{"count":5,"href":"https:\/\/angelikarommel.de\/index.php?rest_route=\/wp\/v2\/pages\/4346\/revisions"}],"predecessor-version":[{"id":4832,"href":"https:\/\/angelikarommel.de\/index.php?rest_route=\/wp\/v2\/pages\/4346\/revisions\/4832"}],"wp:attachment":[{"href":"https:\/\/angelikarommel.de\/index.php?rest_route=%2Fwp%2Fv2%2Fmedia&parent=4346"}],"curies":[{"name":"wp","href":"https:\/\/api.w.org\/{rel}","templated":true}]}}