{"id":4334,"date":"2022-04-02T06:34:35","date_gmt":"2022-04-02T06:34:35","guid":{"rendered":"https:\/\/angelikarommel.de\/?page_id=4334"},"modified":"2022-05-02T14:34:37","modified_gmt":"2022-05-02T14:34:37","slug":"g-wurf-von-der-bonnaue","status":"publish","type":"page","link":"https:\/\/angelikarommel.de\/?page_id=4334","title":{"rendered":"G-Wurf von der Bonnaue"},"content":{"rendered":"\n<p>Die Welpen von der Bonnaue sind schon 4 Wochen alt<\/p>\n\n\n\n<figure class=\"wp-block-image\"><img loading=\"lazy\" decoding=\"async\" width=\"640\" height=\"427\" src=\"https:\/\/angelikarommel.de\/wp-content\/uploads\/2022\/05\/H\u00fcndin11.jpg\" alt=\"\" class=\"wp-image-4373\" srcset=\"https:\/\/angelikarommel.de\/wp-content\/uploads\/2022\/05\/H\u00fcndin11.jpg 640w, https:\/\/angelikarommel.de\/wp-content\/uploads\/2022\/05\/H\u00fcndin11-300x200.jpg 300w\" sizes=\"auto, (max-width: 640px) 100vw, 640px\" \/><figcaption>H\u00fcndin 1<\/figcaption><\/figure>\n\n\n\n<figure class=\"wp-block-image\"><img loading=\"lazy\" decoding=\"async\" width=\"640\" height=\"427\" src=\"https:\/\/angelikarommel.de\/wp-content\/uploads\/2022\/05\/H\u00fcndin21.jpg\" alt=\"\" class=\"wp-image-4374\" srcset=\"https:\/\/angelikarommel.de\/wp-content\/uploads\/2022\/05\/H\u00fcndin21.jpg 640w, https:\/\/angelikarommel.de\/wp-content\/uploads\/2022\/05\/H\u00fcndin21-300x200.jpg 300w\" sizes=\"auto, (max-width: 640px) 100vw, 640px\" \/><figcaption>H\u00fcndin 2<\/figcaption><\/figure>\n\n\n\n<figure class=\"wp-block-image\"><img loading=\"lazy\" decoding=\"async\" width=\"640\" height=\"427\" src=\"https:\/\/angelikarommel.de\/wp-content\/uploads\/2022\/05\/H\u00fcndin31.jpg\" alt=\"\" class=\"wp-image-4375\" srcset=\"https:\/\/angelikarommel.de\/wp-content\/uploads\/2022\/05\/H\u00fcndin31.jpg 640w, https:\/\/angelikarommel.de\/wp-content\/uploads\/2022\/05\/H\u00fcndin31-300x200.jpg 300w\" sizes=\"auto, (max-width: 640px) 100vw, 640px\" \/><figcaption>H\u00fcndin 3<\/figcaption><\/figure>\n\n\n\n<figure class=\"wp-block-image\"><img loading=\"lazy\" decoding=\"async\" width=\"640\" height=\"427\" src=\"https:\/\/angelikarommel.de\/wp-content\/uploads\/2022\/05\/H\u00fcndin41.jpg\" alt=\"\" class=\"wp-image-4376\" srcset=\"https:\/\/angelikarommel.de\/wp-content\/uploads\/2022\/05\/H\u00fcndin41.jpg 640w, https:\/\/angelikarommel.de\/wp-content\/uploads\/2022\/05\/H\u00fcndin41-300x200.jpg 300w\" sizes=\"auto, (max-width: 640px) 100vw, 640px\" \/><figcaption>H\u00fcndin 4<\/figcaption><\/figure>\n\n\n\n<figure class=\"wp-block-image\"><img loading=\"lazy\" decoding=\"async\" width=\"640\" height=\"427\" src=\"https:\/\/angelikarommel.de\/wp-content\/uploads\/2022\/05\/H\u00fcndin51.jpg\" alt=\"\" class=\"wp-image-4377\" srcset=\"https:\/\/angelikarommel.de\/wp-content\/uploads\/2022\/05\/H\u00fcndin51.jpg 640w, https:\/\/angelikarommel.de\/wp-content\/uploads\/2022\/05\/H\u00fcndin51-300x200.jpg 300w\" sizes=\"auto, (max-width: 640px) 100vw, 640px\" \/><figcaption>H\u00fcndin 5<\/figcaption><\/figure>\n\n\n\n<figure class=\"wp-block-image\"><img loading=\"lazy\" decoding=\"async\" width=\"640\" height=\"427\" src=\"https:\/\/angelikarommel.de\/wp-content\/uploads\/2022\/05\/R\u00fcde11.jpg\" alt=\"\" class=\"wp-image-4378\" srcset=\"https:\/\/angelikarommel.de\/wp-content\/uploads\/2022\/05\/R\u00fcde11.jpg 640w, https:\/\/angelikarommel.de\/wp-content\/uploads\/2022\/05\/R\u00fcde11-300x200.jpg 300w\" sizes=\"auto, (max-width: 640px) 100vw, 640px\" \/><figcaption>R\u00fcde 1<\/figcaption><\/figure>\n\n\n\n<figure class=\"wp-block-image\"><img loading=\"lazy\" decoding=\"async\" width=\"640\" height=\"427\" src=\"https:\/\/angelikarommel.de\/wp-content\/uploads\/2022\/05\/R\u00fcde21.jpg\" alt=\"\" class=\"wp-image-4379\" srcset=\"https:\/\/angelikarommel.de\/wp-content\/uploads\/2022\/05\/R\u00fcde21.jpg 640w, https:\/\/angelikarommel.de\/wp-content\/uploads\/2022\/05\/R\u00fcde21-300x200.jpg 300w\" sizes=\"auto, (max-width: 640px) 100vw, 640px\" \/><figcaption>R\u00fcde 2<\/figcaption><\/figure>\n\n\n\n<p>Am 28. M\u00e4rz 2022 erblickten 7 Zwerge in der Zuchtst\u00e4tte von der Bonnaue das Licht der Welt. Stolzer Papa ist unser Balu. Herzlichen Dank an die Familie Straub f\u00fcr die Bereitstellung der Bilder. <\/p>\n\n\n\n<figure class=\"wp-block-image\"><img loading=\"lazy\" decoding=\"async\" width=\"960\" height=\"640\" src=\"https:\/\/angelikarommel.de\/wp-content\/uploads\/2022\/04\/ElismitWelpen.jpg\" alt=\"\" class=\"wp-image-4326\" srcset=\"https:\/\/angelikarommel.de\/wp-content\/uploads\/2022\/04\/ElismitWelpen.jpg 960w, https:\/\/angelikarommel.de\/wp-content\/uploads\/2022\/04\/ElismitWelpen-300x200.jpg 300w, https:\/\/angelikarommel.de\/wp-content\/uploads\/2022\/04\/ElismitWelpen-768x512.jpg 768w\" sizes=\"auto, (max-width: 960px) 100vw, 960px\" \/><figcaption>Elia von der Bonnaue mit ihrem Nachwuchs<\/figcaption><\/figure>\n\n\n\n<figure class=\"wp-block-image\"><img loading=\"lazy\" decoding=\"async\" width=\"640\" height=\"427\" src=\"https:\/\/angelikarommel.de\/wp-content\/uploads\/2022\/04\/H\u00fcndin1.jpg\" alt=\"\" class=\"wp-image-4327\" srcset=\"https:\/\/angelikarommel.de\/wp-content\/uploads\/2022\/04\/H\u00fcndin1.jpg 640w, https:\/\/angelikarommel.de\/wp-content\/uploads\/2022\/04\/H\u00fcndin1-300x200.jpg 300w\" sizes=\"auto, (max-width: 640px) 100vw, 640px\" \/><figcaption>H\u00fcndin 1<\/figcaption><\/figure>\n\n\n\n<figure class=\"wp-block-image\"><img loading=\"lazy\" decoding=\"async\" width=\"640\" height=\"427\" src=\"https:\/\/angelikarommel.de\/wp-content\/uploads\/2022\/04\/H\u00fcndin2.jpg\" alt=\"\" class=\"wp-image-4328\" srcset=\"https:\/\/angelikarommel.de\/wp-content\/uploads\/2022\/04\/H\u00fcndin2.jpg 640w, https:\/\/angelikarommel.de\/wp-content\/uploads\/2022\/04\/H\u00fcndin2-300x200.jpg 300w\" sizes=\"auto, (max-width: 640px) 100vw, 640px\" \/><figcaption>H\u00fcndin 2<\/figcaption><\/figure>\n\n\n\n<figure class=\"wp-block-image\"><img loading=\"lazy\" decoding=\"async\" width=\"640\" height=\"427\" src=\"https:\/\/angelikarommel.de\/wp-content\/uploads\/2022\/04\/H\u00fcndin3.jpg\" alt=\"\" class=\"wp-image-4329\" srcset=\"https:\/\/angelikarommel.de\/wp-content\/uploads\/2022\/04\/H\u00fcndin3.jpg 640w, https:\/\/angelikarommel.de\/wp-content\/uploads\/2022\/04\/H\u00fcndin3-300x200.jpg 300w\" sizes=\"auto, (max-width: 640px) 100vw, 640px\" \/><figcaption>H\u00fcndin 3<\/figcaption><\/figure>\n\n\n\n<figure class=\"wp-block-image\"><img loading=\"lazy\" decoding=\"async\" width=\"640\" height=\"427\" src=\"https:\/\/angelikarommel.de\/wp-content\/uploads\/2022\/04\/R\u00fcde1.jpg\" alt=\"\" class=\"wp-image-4332\" srcset=\"https:\/\/angelikarommel.de\/wp-content\/uploads\/2022\/04\/R\u00fcde1.jpg 640w, https:\/\/angelikarommel.de\/wp-content\/uploads\/2022\/04\/R\u00fcde1-300x200.jpg 300w\" sizes=\"auto, (max-width: 640px) 100vw, 640px\" \/><figcaption>R\u00fcde 1<\/figcaption><\/figure>\n\n\n\n<figure class=\"wp-block-image\"><img loading=\"lazy\" decoding=\"async\" width=\"640\" height=\"427\" src=\"https:\/\/angelikarommel.de\/wp-content\/uploads\/2022\/04\/H\u00fcndin4.jpg\" alt=\"\" class=\"wp-image-4330\" srcset=\"https:\/\/angelikarommel.de\/wp-content\/uploads\/2022\/04\/H\u00fcndin4.jpg 640w, https:\/\/angelikarommel.de\/wp-content\/uploads\/2022\/04\/H\u00fcndin4-300x200.jpg 300w\" sizes=\"auto, (max-width: 640px) 100vw, 640px\" \/><figcaption>H\u00fcndin 4<\/figcaption><\/figure>\n\n\n\n<figure class=\"wp-block-image\"><img loading=\"lazy\" decoding=\"async\" width=\"640\" height=\"427\" src=\"https:\/\/angelikarommel.de\/wp-content\/uploads\/2022\/04\/R\u00fcde2.jpg\" alt=\"\" class=\"wp-image-4333\" srcset=\"https:\/\/angelikarommel.de\/wp-content\/uploads\/2022\/04\/R\u00fcde2.jpg 640w, https:\/\/angelikarommel.de\/wp-content\/uploads\/2022\/04\/R\u00fcde2-300x200.jpg 300w\" sizes=\"auto, (max-width: 640px) 100vw, 640px\" \/><figcaption>R\u00fcde 2<\/figcaption><\/figure>\n\n\n\n<figure class=\"wp-block-image\"><img loading=\"lazy\" decoding=\"async\" width=\"640\" height=\"427\" src=\"https:\/\/angelikarommel.de\/wp-content\/uploads\/2022\/04\/H\u00fcndin5.jpg\" alt=\"\" class=\"wp-image-4331\" srcset=\"https:\/\/angelikarommel.de\/wp-content\/uploads\/2022\/04\/H\u00fcndin5.jpg 640w, https:\/\/angelikarommel.de\/wp-content\/uploads\/2022\/04\/H\u00fcndin5-300x200.jpg 300w\" sizes=\"auto, (max-width: 640px) 100vw, 640px\" \/><figcaption>H\u00fcndin 5<\/figcaption><\/figure>\n","protected":false},"excerpt":{"rendered":"<p>Die Welpen von der Bonnaue sind schon 4 Wochen alt Am 28. M\u00e4rz 2022 erblickten 7 Zwerge in der Zuchtst\u00e4tte von der Bonnaue das Licht der Welt. Stolzer Papa ist unser Balu. Herzlichen Dank an die Familie Straub f\u00fcr die&hellip; <\/p>\n","protected":false},"author":1,"featured_media":0,"parent":0,"menu_order":0,"comment_status":"closed","ping_status":"closed","template":"","meta":{"footnotes":""},"class_list":["post-4334","page","type-page","status-publish","hentry"],"_links":{"self":[{"href":"https:\/\/angelikarommel.de\/index.php?rest_route=\/wp\/v2\/pages\/4334","targetHints":{"allow":["GET"]}}],"collection":[{"href":"https:\/\/angelikarommel.de\/index.php?rest_route=\/wp\/v2\/pages"}],"about":[{"href":"https:\/\/angelikarommel.de\/index.php?rest_route=\/wp\/v2\/types\/page"}],"author":[{"embeddable":true,"href":"https:\/\/angelikarommel.de\/index.php?rest_route=\/wp\/v2\/users\/1"}],"replies":[{"embeddable":true,"href":"https:\/\/angelikarommel.de\/index.php?rest_route=%2Fwp%2Fv2%2Fcomments&post=4334"}],"version-history":[{"count":2,"href":"https:\/\/angelikarommel.de\/index.php?rest_route=\/wp\/v2\/pages\/4334\/revisions"}],"predecessor-version":[{"id":4380,"href":"https:\/\/angelikarommel.de\/index.php?rest_route=\/wp\/v2\/pages\/4334\/revisions\/4380"}],"wp:attachment":[{"href":"https:\/\/angelikarommel.de\/index.php?rest_route=%2Fwp%2Fv2%2Fmedia&parent=4334"}],"curies":[{"name":"wp","href":"https:\/\/api.w.org\/{rel}","templated":true}]}}