{"id":4238,"date":"2021-11-08T14:22:43","date_gmt":"2021-11-08T14:22:43","guid":{"rendered":"https:\/\/angelikarommel.de\/?page_id=4238"},"modified":"2021-12-08T17:01:33","modified_gmt":"2021-12-08T17:01:33","slug":"ronja-koerung","status":"publish","type":"page","link":"https:\/\/angelikarommel.de\/?page_id=4238","title":{"rendered":"Ronja K\u00f6rung"},"content":{"rendered":"\n<p>Am 06. November 2021 wurde Ronja in K\u00f6ln angek\u00f6rt:<\/p>\n\n\n\n<p><a rel=\"noreferrer noopener\" aria-label=\" (\u00f6ffnet in neuem Tab)\" href=\"https:\/\/angelikarommel.de\/wp-content\/uploads\/2021\/12\/RonjaK\u00f6rbericht.pdf\" target=\"_blank\">K\u00f6rbericht<\/a><\/p>\n\n\n\n<figure class=\"wp-block-image\"><img loading=\"lazy\" decoding=\"async\" width=\"1024\" height=\"719\" src=\"https:\/\/angelikarommel.de\/wp-content\/uploads\/2021\/12\/K\u00f6rphotoronja-1024x719.jpg\" alt=\"\" class=\"wp-image-4258\" srcset=\"https:\/\/angelikarommel.de\/wp-content\/uploads\/2021\/12\/K\u00f6rphotoronja-1024x719.jpg 1024w, https:\/\/angelikarommel.de\/wp-content\/uploads\/2021\/12\/K\u00f6rphotoronja-300x211.jpg 300w, https:\/\/angelikarommel.de\/wp-content\/uploads\/2021\/12\/K\u00f6rphotoronja-768x539.jpg 768w\" sizes=\"auto, (max-width: 1024px) 100vw, 1024px\" \/><\/figure>\n","protected":false},"excerpt":{"rendered":"<p>Am 06. November 2021 wurde Ronja in K\u00f6ln angek\u00f6rt: K\u00f6rbericht<\/p>\n","protected":false},"author":1,"featured_media":0,"parent":0,"menu_order":0,"comment_status":"closed","ping_status":"closed","template":"","meta":{"footnotes":""},"class_list":["post-4238","page","type-page","status-publish","hentry"],"_links":{"self":[{"href":"https:\/\/angelikarommel.de\/index.php?rest_route=\/wp\/v2\/pages\/4238","targetHints":{"allow":["GET"]}}],"collection":[{"href":"https:\/\/angelikarommel.de\/index.php?rest_route=\/wp\/v2\/pages"}],"about":[{"href":"https:\/\/angelikarommel.de\/index.php?rest_route=\/wp\/v2\/types\/page"}],"author":[{"embeddable":true,"href":"https:\/\/angelikarommel.de\/index.php?rest_route=\/wp\/v2\/users\/1"}],"replies":[{"embeddable":true,"href":"https:\/\/angelikarommel.de\/index.php?rest_route=%2Fwp%2Fv2%2Fcomments&post=4238"}],"version-history":[{"count":7,"href":"https:\/\/angelikarommel.de\/index.php?rest_route=\/wp\/v2\/pages\/4238\/revisions"}],"predecessor-version":[{"id":4259,"href":"https:\/\/angelikarommel.de\/index.php?rest_route=\/wp\/v2\/pages\/4238\/revisions\/4259"}],"wp:attachment":[{"href":"https:\/\/angelikarommel.de\/index.php?rest_route=%2Fwp%2Fv2%2Fmedia&parent=4238"}],"curies":[{"name":"wp","href":"https:\/\/api.w.org\/{rel}","templated":true}]}}