{"id":3943,"date":"2021-05-04T06:37:43","date_gmt":"2021-05-04T06:37:43","guid":{"rendered":"https:\/\/angelikarommel.de\/?page_id=3943"},"modified":"2025-04-04T18:55:10","modified_gmt":"2025-04-04T18:55:10","slug":"ronja-gesundheit","status":"publish","type":"page","link":"https:\/\/angelikarommel.de\/?page_id=3943","title":{"rendered":"Ronja Gesundheit"},"content":{"rendered":"\n<p>ZB-Nr. SSV-BS 66087<\/p>\n\n\n\n<p><strong>R\u00f6ntgen Ergebnis<\/strong><\/p>\n\n\n\n<p>HD A1, ED 0\/0<\/p>\n\n\n\n<p>Hier k\u00f6nnen Sie das R\u00f6ntgenergebnis in Kopie einsehen (die Orginale gerne bei uns):<\/p>\n\n\n\n<p><a href=\"https:\/\/angelikarommel.de\/wp-content\/uploads\/2021\/05\/RonjaR\u00f6ntgen.pdf\" target=\"_blank\" rel=\"noreferrer noopener\" aria-label=\" (\u00f6ffnet in neuem Tab)\">R\u00f6ntgen<\/a><\/p>\n\n\n\n<p><strong>Genomische Zuchtwerte<\/strong><\/p>\n\n\n\n<p><a href=\"https:\/\/angelikarommel.de\/wp-content\/uploads\/2021\/12\/Ronjagenom.pdf\" target=\"_blank\" rel=\"noreferrer noopener\" aria-label=\" (\u00f6ffnet in neuem Tab)\">Genomische Zuchtwerte<\/a><\/p>\n\n\n\n<p><\/p>\n\n\n\n<p>Zuchtwerte (Dogbase 03\/2025)<\/p>\n\n\n\n<p>HD 90, ED 99, Typ 99, Bew 78, Ver 100, LD 102<\/p>\n\n\n\n<p><strong>Ahnentafel von Ronja<\/strong><\/p>\n\n\n\n<p> <a href=\"https:\/\/angelikarommel.de\/wp-content\/uploads\/2021\/05\/RonjaAhnentafel.pdf\" target=\"_blank\" rel=\"noreferrer noopener\" aria-label=\" (\u00f6ffnet in neuem Tab)\">Ahnentafel<\/a><\/p>\n","protected":false},"excerpt":{"rendered":"<p>ZB-Nr. SSV-BS 66087 R\u00f6ntgen Ergebnis HD A1, ED 0\/0 Hier k\u00f6nnen Sie das R\u00f6ntgenergebnis in Kopie einsehen (die Orginale gerne bei uns): R\u00f6ntgen Genomische Zuchtwerte Genomische Zuchtwerte Zuchtwerte (Dogbase 03\/2025) HD 90, ED 99, Typ 99, Bew 78, Ver 100,&hellip; <\/p>\n","protected":false},"author":1,"featured_media":0,"parent":0,"menu_order":0,"comment_status":"closed","ping_status":"closed","template":"","meta":{"footnotes":""},"class_list":["post-3943","page","type-page","status-publish","hentry"],"_links":{"self":[{"href":"https:\/\/angelikarommel.de\/index.php?rest_route=\/wp\/v2\/pages\/3943","targetHints":{"allow":["GET"]}}],"collection":[{"href":"https:\/\/angelikarommel.de\/index.php?rest_route=\/wp\/v2\/pages"}],"about":[{"href":"https:\/\/angelikarommel.de\/index.php?rest_route=\/wp\/v2\/types\/page"}],"author":[{"embeddable":true,"href":"https:\/\/angelikarommel.de\/index.php?rest_route=\/wp\/v2\/users\/1"}],"replies":[{"embeddable":true,"href":"https:\/\/angelikarommel.de\/index.php?rest_route=%2Fwp%2Fv2%2Fcomments&post=3943"}],"version-history":[{"count":16,"href":"https:\/\/angelikarommel.de\/index.php?rest_route=\/wp\/v2\/pages\/3943\/revisions"}],"predecessor-version":[{"id":5658,"href":"https:\/\/angelikarommel.de\/index.php?rest_route=\/wp\/v2\/pages\/3943\/revisions\/5658"}],"wp:attachment":[{"href":"https:\/\/angelikarommel.de\/index.php?rest_route=%2Fwp%2Fv2%2Fmedia&parent=3943"}],"curies":[{"name":"wp","href":"https:\/\/api.w.org\/{rel}","templated":true}]}}