{"id":3669,"date":"2020-11-29T09:20:07","date_gmt":"2020-11-29T09:20:07","guid":{"rendered":"https:\/\/angelikarommel.de\/?page_id=3669"},"modified":"2025-08-22T07:02:51","modified_gmt":"2025-08-22T07:02:51","slug":"frieda","status":"publish","type":"page","link":"https:\/\/angelikarommel.de\/?page_id=3669","title":{"rendered":"Frieda"},"content":{"rendered":"\n<p><a href=\"https:\/\/angelikarommel.de\/wp-content\/uploads\/2023\/09\/IMG_9084-scaled.jpg\" rel=\"lightbox[3669]\"><img loading=\"lazy\" decoding=\"async\" class=\"aligncenter size-medium wp-image-4924\" src=\"https:\/\/angelikarommel.de\/wp-content\/uploads\/2023\/09\/IMG_9084-225x300.jpg\" alt=\"\" width=\"225\" height=\"300\" srcset=\"https:\/\/angelikarommel.de\/wp-content\/uploads\/2023\/09\/IMG_9084-225x300.jpg 225w, https:\/\/angelikarommel.de\/wp-content\/uploads\/2023\/09\/IMG_9084-768x1024.jpg 768w, https:\/\/angelikarommel.de\/wp-content\/uploads\/2023\/09\/IMG_9084-1152x1536.jpg 1152w, https:\/\/angelikarommel.de\/wp-content\/uploads\/2023\/09\/IMG_9084-1536x2048.jpg 1536w, https:\/\/angelikarommel.de\/wp-content\/uploads\/2023\/09\/IMG_9084-scaled.jpg 1920w\" sizes=\"auto, (max-width: 225px) 100vw, 225px\" \/><\/a><\/p>\n\n\n\n<p>Dolce Frieda vom Haselw\u00e4ldchen wurde am 19.09.2020 geboren. Sie wuchs mit ihren 3 Schwestern und 3 Br\u00fcdern bei uns auf. Schnell hatten wir uns entschieden, dass sie bei Mama Mara bleiben darf. Papa ist Taron von Gramont.<\/p>\n\n\n\n<p>Nun w\u00e4chst sie mit ihrer Nichte Ronja, die 5 Monate \u00e4lter ist, hier im Haselw\u00e4ldchen auf. Sie wird bei unserer Tochter, die bei uns im Haus lebt, aufwachsen.<\/p>\n\n\n\n<p>Nun sind wir gespannt, was die Zukunft bringt.<\/p>\n\n\n\n<p>Frieda wurde mit fast 3 Jahren erfolgreich angek\u00f6rt und tritt nun in die Fu\u00dfstapfen ihrer Mama Mara.<\/p>\n\n\n\n<p>Frieda ist im Januar 2024 zum ersten Mal Mama geworden und schenkte uns unseren F-Wurf. Ihre Tochter Finja bleibt bei uns.<\/p>\n<p>Frieda hatte im August einen Kaiserschnitt. Sie darf nun in Rente gehen.\u00a0<\/p>\n","protected":false},"excerpt":{"rendered":"<p>Dolce Frieda vom Haselw\u00e4ldchen wurde am 19.09.2020 geboren. Sie wuchs mit ihren 3 Schwestern und 3 Br\u00fcdern bei uns auf. Schnell hatten wir uns entschieden, dass sie bei Mama Mara bleiben darf. Papa ist Taron von Gramont. Nun w\u00e4chst sie&hellip; <\/p>\n","protected":false},"author":1,"featured_media":0,"parent":0,"menu_order":0,"comment_status":"closed","ping_status":"closed","template":"","meta":{"footnotes":""},"class_list":["post-3669","page","type-page","status-publish","hentry"],"_links":{"self":[{"href":"https:\/\/angelikarommel.de\/index.php?rest_route=\/wp\/v2\/pages\/3669","targetHints":{"allow":["GET"]}}],"collection":[{"href":"https:\/\/angelikarommel.de\/index.php?rest_route=\/wp\/v2\/pages"}],"about":[{"href":"https:\/\/angelikarommel.de\/index.php?rest_route=\/wp\/v2\/types\/page"}],"author":[{"embeddable":true,"href":"https:\/\/angelikarommel.de\/index.php?rest_route=\/wp\/v2\/users\/1"}],"replies":[{"embeddable":true,"href":"https:\/\/angelikarommel.de\/index.php?rest_route=%2Fwp%2Fv2%2Fcomments&post=3669"}],"version-history":[{"count":6,"href":"https:\/\/angelikarommel.de\/index.php?rest_route=\/wp\/v2\/pages\/3669\/revisions"}],"predecessor-version":[{"id":5739,"href":"https:\/\/angelikarommel.de\/index.php?rest_route=\/wp\/v2\/pages\/3669\/revisions\/5739"}],"wp:attachment":[{"href":"https:\/\/angelikarommel.de\/index.php?rest_route=%2Fwp%2Fv2%2Fmedia&parent=3669"}],"curies":[{"name":"wp","href":"https:\/\/api.w.org\/{rel}","templated":true}]}}