{"id":32,"date":"2015-08-12T06:43:31","date_gmt":"2015-08-12T06:43:31","guid":{"rendered":"http:\/\/angelikarommel.de\/?page_id=32"},"modified":"2022-01-17T19:24:13","modified_gmt":"2022-01-17T19:24:13","slug":"impressum","status":"publish","type":"page","link":"https:\/\/angelikarommel.de\/?page_id=32","title":{"rendered":"Impressum"},"content":{"rendered":"<p><em>\u00a0<strong>Angelika und Thomas Rommel<\/strong><br \/>\n<strong> Eichenweg 10<\/strong><br \/>\n<strong> 86739 Ederheim<\/strong><\/em><\/p>\n<p><em><strong>Tel: 09081\/8057740<\/strong><br \/>\n<strong>Handy: 015122396240<\/strong><br \/>\n<\/em><\/p>\n<p><strong><em>mail@angelikarommel.de<\/em><\/strong><\/p>\n<p><strong>Haftungsausschluss\/Disclaimer<\/strong><\/p>\n<p><strong><em>Verantwortlich f\u00fcr den Inhalt dieser Homepage ist:<br \/>\nAngelika Rommel<\/em><\/strong><\/p>\n<p><strong><em>Alle Informationen auf diesen Seiten sind ausschlie\u00dflich f\u00fcr den pers\u00f6nlichen Bedarf zu nutzen. Es ist ausdr\u00fccklich untersagt, diese Seiten zu verlinken bzw. in eine andere Website einzubinden, sowie das Kopieren von Seiten oder einzelnen Bereichen.<br \/>\n<\/em><\/strong><\/p>\n<p><strong><em>Ohne ausdr\u00fcckliche Genehmigung darf das hier gezeigte Bildmaterial nicht auf anderen Websites ver\u00f6ffentlicht werden. Es ist Eigentum des Betreibers dieser Website.\u00a0<\/em><\/strong><\/p>\n<p><strong><em>F\u00fcr den Inhalt von verlinkten Websites und externen Links sind wir nicht verantwortlich und \u00fcbernehmen daher auch nicht die Haftung f\u00fcr die dort angebotenen Informationen und das gezeigte Material. F\u00fcr den Inhalt der verlinkten Seiten sind deren Betreiber verantwortlich. <\/em><\/strong><\/p>\n<p><strong><em>Besteht auf unserer Seite ein Copyright-Konflikt, bitten wir um einen (L\u00f6sch-) Hinweis per\u00a0 e-mail.<\/em><\/strong><\/p>\n","protected":false},"excerpt":{"rendered":"<p>\u00a0Angelika und Thomas Rommel Eichenweg 10 86739 Ederheim Tel: 09081\/8057740 Handy: 015122396240 mail@angelikarommel.de Haftungsausschluss\/Disclaimer Verantwortlich f\u00fcr den Inhalt dieser Homepage ist: Angelika Rommel Alle Informationen auf diesen Seiten sind ausschlie\u00dflich f\u00fcr den pers\u00f6nlichen Bedarf zu nutzen. Es ist ausdr\u00fccklich untersagt,&hellip; <\/p>\n","protected":false},"author":1,"featured_media":0,"parent":0,"menu_order":0,"comment_status":"closed","ping_status":"closed","template":"","meta":{"footnotes":""},"class_list":["post-32","page","type-page","status-publish","hentry"],"_links":{"self":[{"href":"https:\/\/angelikarommel.de\/index.php?rest_route=\/wp\/v2\/pages\/32","targetHints":{"allow":["GET"]}}],"collection":[{"href":"https:\/\/angelikarommel.de\/index.php?rest_route=\/wp\/v2\/pages"}],"about":[{"href":"https:\/\/angelikarommel.de\/index.php?rest_route=\/wp\/v2\/types\/page"}],"author":[{"embeddable":true,"href":"https:\/\/angelikarommel.de\/index.php?rest_route=\/wp\/v2\/users\/1"}],"replies":[{"embeddable":true,"href":"https:\/\/angelikarommel.de\/index.php?rest_route=%2Fwp%2Fv2%2Fcomments&post=32"}],"version-history":[{"count":10,"href":"https:\/\/angelikarommel.de\/index.php?rest_route=\/wp\/v2\/pages\/32\/revisions"}],"predecessor-version":[{"id":4277,"href":"https:\/\/angelikarommel.de\/index.php?rest_route=\/wp\/v2\/pages\/32\/revisions\/4277"}],"wp:attachment":[{"href":"https:\/\/angelikarommel.de\/index.php?rest_route=%2Fwp%2Fv2%2Fmedia&parent=32"}],"curies":[{"name":"wp","href":"https:\/\/api.w.org\/{rel}","templated":true}]}}