{"id":3101,"date":"2019-09-29T10:12:52","date_gmt":"2019-09-29T10:12:52","guid":{"rendered":"https:\/\/angelikarommel.de\/?page_id=3101"},"modified":"2019-10-23T12:47:49","modified_gmt":"2019-10-23T12:47:49","slug":"bonny-koerung","status":"publish","type":"page","link":"https:\/\/angelikarommel.de\/?page_id=3101","title":{"rendered":"Bonny K\u00f6rung"},"content":{"rendered":"\n<p>Am 28.09.2019 wurde Bonny vom Haselw\u00e4ldchen in Eisleben angek\u00f6rt.<\/p>\n\n\n\n<p>Das K\u00f6rungsfoto:<\/p>\n\n\n\n<figure class=\"wp-block-image\"><img loading=\"lazy\" decoding=\"async\" width=\"1024\" height=\"768\" src=\"https:\/\/angelikarommel.de\/wp-content\/uploads\/2019\/09\/IMG_5807-1024x768.jpg\" alt=\"\" class=\"wp-image-3102\" srcset=\"https:\/\/angelikarommel.de\/wp-content\/uploads\/2019\/09\/IMG_5807-1024x768.jpg 1024w, https:\/\/angelikarommel.de\/wp-content\/uploads\/2019\/09\/IMG_5807-300x225.jpg 300w, https:\/\/angelikarommel.de\/wp-content\/uploads\/2019\/09\/IMG_5807-768x576.jpg 768w\" sizes=\"auto, (max-width: 1024px) 100vw, 1024px\" \/><\/figure>\n\n\n\n<p><a rel=\"noreferrer noopener\" aria-label=\"K\u00f6rbericht Seite 1 (\u00f6ffnet in neuem Tab)\" href=\"https:\/\/angelikarommel.de\/wp-content\/uploads\/2019\/10\/Bonnyk\u00f6rung1.pdf\" target=\"_blank\">K\u00f6rbericht Seite 1<\/a><\/p>\n\n\n\n<p><a href=\"https:\/\/angelikarommel.de\/wp-content\/uploads\/2019\/10\/Bonnyk\u00f6rung2.pdf\" target=\"_blank\" rel=\"noreferrer noopener\" aria-label=\"K\u00f6rbericht Seite 2 (\u00f6ffnet in neuem Tab)\">K\u00f6rbericht Seite 2<\/a><\/p>\n\n\n\n<p>Eindr\u00fccke von der K\u00f6rung:<\/p>\n\n\n\n<figure class=\"wp-block-image\"><img loading=\"lazy\" decoding=\"async\" width=\"1024\" height=\"576\" src=\"https:\/\/angelikarommel.de\/wp-content\/uploads\/2019\/10\/P2310674-1024x576.jpg\" alt=\"\" class=\"wp-image-3111\" srcset=\"https:\/\/angelikarommel.de\/wp-content\/uploads\/2019\/10\/P2310674-1024x576.jpg 1024w, https:\/\/angelikarommel.de\/wp-content\/uploads\/2019\/10\/P2310674-300x169.jpg 300w, https:\/\/angelikarommel.de\/wp-content\/uploads\/2019\/10\/P2310674-768x432.jpg 768w\" sizes=\"auto, (max-width: 1024px) 100vw, 1024px\" \/><\/figure>\n\n\n\n<figure class=\"wp-block-image\"><img loading=\"lazy\" decoding=\"async\" width=\"1024\" height=\"576\" src=\"https:\/\/angelikarommel.de\/wp-content\/uploads\/2019\/10\/P2310677-1024x576.jpg\" alt=\"\" class=\"wp-image-3112\" srcset=\"https:\/\/angelikarommel.de\/wp-content\/uploads\/2019\/10\/P2310677-1024x576.jpg 1024w, https:\/\/angelikarommel.de\/wp-content\/uploads\/2019\/10\/P2310677-300x169.jpg 300w, https:\/\/angelikarommel.de\/wp-content\/uploads\/2019\/10\/P2310677-768x432.jpg 768w\" sizes=\"auto, (max-width: 1024px) 100vw, 1024px\" \/><\/figure>\n","protected":false},"excerpt":{"rendered":"<p>Am 28.09.2019 wurde Bonny vom Haselw\u00e4ldchen in Eisleben angek\u00f6rt. Das K\u00f6rungsfoto: K\u00f6rbericht Seite 1 K\u00f6rbericht Seite 2 Eindr\u00fccke von der K\u00f6rung:<\/p>\n","protected":false},"author":1,"featured_media":0,"parent":0,"menu_order":0,"comment_status":"closed","ping_status":"closed","template":"","meta":{"footnotes":""},"class_list":["post-3101","page","type-page","status-publish","hentry"],"_links":{"self":[{"href":"https:\/\/angelikarommel.de\/index.php?rest_route=\/wp\/v2\/pages\/3101","targetHints":{"allow":["GET"]}}],"collection":[{"href":"https:\/\/angelikarommel.de\/index.php?rest_route=\/wp\/v2\/pages"}],"about":[{"href":"https:\/\/angelikarommel.de\/index.php?rest_route=\/wp\/v2\/types\/page"}],"author":[{"embeddable":true,"href":"https:\/\/angelikarommel.de\/index.php?rest_route=\/wp\/v2\/users\/1"}],"replies":[{"embeddable":true,"href":"https:\/\/angelikarommel.de\/index.php?rest_route=%2Fwp%2Fv2%2Fcomments&post=3101"}],"version-history":[{"count":4,"href":"https:\/\/angelikarommel.de\/index.php?rest_route=\/wp\/v2\/pages\/3101\/revisions"}],"predecessor-version":[{"id":3151,"href":"https:\/\/angelikarommel.de\/index.php?rest_route=\/wp\/v2\/pages\/3101\/revisions\/3151"}],"wp:attachment":[{"href":"https:\/\/angelikarommel.de\/index.php?rest_route=%2Fwp%2Fv2%2Fmedia&parent=3101"}],"curies":[{"name":"wp","href":"https:\/\/api.w.org\/{rel}","templated":true}]}}