{"id":2774,"date":"2019-01-12T09:05:33","date_gmt":"2019-01-12T09:05:33","guid":{"rendered":"http:\/\/angelikarommel.de\/?page_id=2774"},"modified":"2023-09-20T08:21:27","modified_gmt":"2023-09-20T08:21:27","slug":"im-herzen","status":"publish","type":"page","link":"https:\/\/angelikarommel.de\/?page_id=2774","title":{"rendered":"Im Herzen"},"content":{"rendered":"<p style=\"text-align: center;\"><strong>Du musst gehen aus diesem Leben, <\/strong><\/p>\n<p style=\"text-align: center;\"><strong>deine Reise endet hier.<\/strong><\/p>\n<p style=\"text-align: center;\"><strong>So vieles durftest du mir geben,<\/strong><\/p>\n<p style=\"text-align: center;\"><strong>es lebt jetzt weiter, ganz tief in mir.<\/strong><\/p>\n<p><a href=\"https:\/\/angelikarommel.de\/wp-content\/uploads\/2021\/12\/thumbnail_IMG_4184.jpg\" rel=\"lightbox[2774]\"><img loading=\"lazy\" decoding=\"async\" class=\"wp-image-4246 size-medium aligncenter\" src=\"https:\/\/angelikarommel.de\/wp-content\/uploads\/2021\/12\/thumbnail_IMG_4184-225x300.jpg\" alt=\"\" width=\"225\" height=\"300\" srcset=\"https:\/\/angelikarommel.de\/wp-content\/uploads\/2021\/12\/thumbnail_IMG_4184-225x300.jpg 225w, https:\/\/angelikarommel.de\/wp-content\/uploads\/2021\/12\/thumbnail_IMG_4184.jpg 480w\" sizes=\"auto, (max-width: 225px) 100vw, 225px\" \/><\/a><\/p>\n<p>Mara (Xanimara vom Spitalhof) verstarb mit \u00fcber 8 Jahren am 4.3.2023.<\/p>\n<p>Mara hat uns zwei wundersch\u00f6ne W\u00fcrfe geschenkt: unseren B-Wurf und D-Wurf. Sie hat 16 Kindern das Leben geschenkt und 14 Familien gl\u00fccklich gemacht. Wir sind \u00fcbergl\u00fccklich 3 Kinder und ein Enkelkind von dir bei uns in der Familie zu haben. Mara, wir danken dir von Herzen, jeden Tag d\u00fcrfen wir mit dir und deinen Kindern erleben.<\/p>\n<p>Alle Informationen \u00fcber Mara sind weiterhin unter der Rubrik im Herzen-Mara abrufbar.<\/p>\n<p><a href=\"http:\/\/angelikarommel.de\/wp-content\/uploads\/2018\/09\/DSC02333-e1537606729625.jpg\" rel=\"lightbox[2774]\"><img loading=\"lazy\" decoding=\"async\" class=\"size-medium wp-image-2649 aligncenter\" src=\"http:\/\/angelikarommel.de\/wp-content\/uploads\/2018\/09\/DSC02333-e1537606729625-200x300.jpg\" alt=\"September\" width=\"200\" height=\"300\" srcset=\"https:\/\/angelikarommel.de\/wp-content\/uploads\/2018\/09\/DSC02333-e1537606729625-200x300.jpg 200w, https:\/\/angelikarommel.de\/wp-content\/uploads\/2018\/09\/DSC02333-e1537606729625-768x1152.jpg 768w, https:\/\/angelikarommel.de\/wp-content\/uploads\/2018\/09\/DSC02333-e1537606729625-683x1024.jpg 683w\" sizes=\"auto, (max-width: 200px) 100vw, 200px\" \/><\/a><\/p>\n<p style=\"text-align: center;\">Bella (Peduli&#8217;s Arzu la belle) verstarb am 28.12.2018 am histiozit\u00e4ren Sarkom.<\/p>\n<p style=\"text-align: center;\">Wir sind fassungslos, k\u00f6nnen es nicht begreifen. Sie durfte keine 5 Jahre alt werden. Sie stand einfach in der Fr\u00fch nicht mehr auf, fra\u00df nichts mehr, da wusste ich, da stimmt was nicht. Wir gingen sofort zu unserer Tier\u00e4rztin, die den unheimlich schnell wachsenden Krebs feststellte. Bella hatte keine Schmerzen und schlief sanft und friedlich in meinen Armen ein.<\/p>\n<p>Bella hat uns zwei W\u00fcrfe geschenkt: unseren A-Wurf und C-Wurf. Sie hat 5 Familien gl\u00fccklich gemacht.<\/p>\n<p style=\"text-align: center;\">Alle Informationen \u00fcber Bella sind weiterhin unter der Rubrik im Herzen-Bella abrufbar.<\/p>\n","protected":false},"excerpt":{"rendered":"<p>Du musst gehen aus diesem Leben, deine Reise endet hier. So vieles durftest du mir geben, es lebt jetzt weiter, ganz tief in mir. Mara (Xanimara vom Spitalhof) verstarb mit \u00fcber 8 Jahren am 4.3.2023. Mara hat uns zwei wundersch\u00f6ne&hellip; <\/p>\n","protected":false},"author":1,"featured_media":0,"parent":0,"menu_order":0,"comment_status":"closed","ping_status":"closed","template":"","meta":{"footnotes":""},"class_list":["post-2774","page","type-page","status-publish","hentry"],"_links":{"self":[{"href":"https:\/\/angelikarommel.de\/index.php?rest_route=\/wp\/v2\/pages\/2774","targetHints":{"allow":["GET"]}}],"collection":[{"href":"https:\/\/angelikarommel.de\/index.php?rest_route=\/wp\/v2\/pages"}],"about":[{"href":"https:\/\/angelikarommel.de\/index.php?rest_route=\/wp\/v2\/types\/page"}],"author":[{"embeddable":true,"href":"https:\/\/angelikarommel.de\/index.php?rest_route=\/wp\/v2\/users\/1"}],"replies":[{"embeddable":true,"href":"https:\/\/angelikarommel.de\/index.php?rest_route=%2Fwp%2Fv2%2Fcomments&post=2774"}],"version-history":[{"count":8,"href":"https:\/\/angelikarommel.de\/index.php?rest_route=\/wp\/v2\/pages\/2774\/revisions"}],"predecessor-version":[{"id":4944,"href":"https:\/\/angelikarommel.de\/index.php?rest_route=\/wp\/v2\/pages\/2774\/revisions\/4944"}],"wp:attachment":[{"href":"https:\/\/angelikarommel.de\/index.php?rest_route=%2Fwp%2Fv2%2Fmedia&parent=2774"}],"curies":[{"name":"wp","href":"https:\/\/api.w.org\/{rel}","templated":true}]}}