{"id":2433,"date":"2018-06-20T06:44:53","date_gmt":"2018-06-20T06:44:53","guid":{"rendered":"http:\/\/angelikarommel.de\/?page_id=2433"},"modified":"2019-04-28T09:04:20","modified_gmt":"2019-04-28T09:04:20","slug":"nachkommen-galerie-camiro","status":"publish","type":"page","link":"https:\/\/angelikarommel.de\/?page_id=2433","title":{"rendered":"Nachkommen Galerie Camiro"},"content":{"rendered":"<p style=\"text-align: center;\"><strong>2019<br \/>\n<\/strong><\/p>\n\n\t\t<style type=\"text\/css\">\n\t\t\t#gallery-1 {\n\t\t\t\tmargin: auto;\n\t\t\t}\n\t\t\t#gallery-1 .gallery-item {\n\t\t\t\tfloat: left;\n\t\t\t\tmargin-top: 10px;\n\t\t\t\ttext-align: center;\n\t\t\t\twidth: 33%;\n\t\t\t}\n\t\t\t#gallery-1 img {\n\t\t\t\tborder: 2px solid #cfcfcf;\n\t\t\t}\n\t\t\t#gallery-1 .gallery-caption {\n\t\t\t\tmargin-left: 0;\n\t\t\t}\n\t\t\t\/* see gallery_shortcode() in wp-includes\/media.php *\/\n\t\t<\/style>\n\t\t<div id='gallery-1' class='gallery galleryid-2433 gallery-columns-3 gallery-size-thumbnail'><dl class='gallery-item'>\n\t\t\t<dt class='gallery-icon portrait'>\n\t\t\t\t<a href='https:\/\/angelikarommel.de\/wp-content\/uploads\/2019\/04\/SGCI3074.jpg' rel=\"lightbox[2433]\"><img loading=\"lazy\" decoding=\"async\" width=\"150\" height=\"150\" src=\"https:\/\/angelikarommel.de\/wp-content\/uploads\/2019\/04\/SGCI3074-150x150.jpg\" class=\"attachment-thumbnail size-thumbnail\" alt=\"\" srcset=\"https:\/\/angelikarommel.de\/wp-content\/uploads\/2019\/04\/SGCI3074-150x150.jpg 150w, https:\/\/angelikarommel.de\/wp-content\/uploads\/2019\/04\/SGCI3074-230x230.jpg 230w\" sizes=\"auto, (max-width: 150px) 100vw, 150px\" \/><\/a>\n\t\t\t<\/dt><\/dl><dl class='gallery-item'>\n\t\t\t<dt class='gallery-icon portrait'>\n\t\t\t\t<a href='https:\/\/angelikarommel.de\/wp-content\/uploads\/2019\/04\/FKIA6056.jpg' rel=\"lightbox[2433]\"><img loading=\"lazy\" decoding=\"async\" width=\"150\" height=\"150\" src=\"https:\/\/angelikarommel.de\/wp-content\/uploads\/2019\/04\/FKIA6056-150x150.jpg\" class=\"attachment-thumbnail size-thumbnail\" alt=\"\" srcset=\"https:\/\/angelikarommel.de\/wp-content\/uploads\/2019\/04\/FKIA6056-150x150.jpg 150w, https:\/\/angelikarommel.de\/wp-content\/uploads\/2019\/04\/FKIA6056-230x230.jpg 230w\" sizes=\"auto, (max-width: 150px) 100vw, 150px\" \/><\/a>\n\t\t\t<\/dt><\/dl>\n\t\t\t<br style='clear: both' \/>\n\t\t<\/div>\n\n<p style=\"text-align: center;\"><strong>2018<\/strong><\/p>\n\n\t\t<style type=\"text\/css\">\n\t\t\t#gallery-2 {\n\t\t\t\tmargin: auto;\n\t\t\t}\n\t\t\t#gallery-2 .gallery-item {\n\t\t\t\tfloat: left;\n\t\t\t\tmargin-top: 10px;\n\t\t\t\ttext-align: center;\n\t\t\t\twidth: 33%;\n\t\t\t}\n\t\t\t#gallery-2 img {\n\t\t\t\tborder: 2px solid #cfcfcf;\n\t\t\t}\n\t\t\t#gallery-2 .gallery-caption {\n\t\t\t\tmargin-left: 0;\n\t\t\t}\n\t\t\t\/* see gallery_shortcode() in wp-includes\/media.php *\/\n\t\t<\/style>\n\t\t<div id='gallery-2' class='gallery galleryid-2433 gallery-columns-3 gallery-size-thumbnail'><dl class='gallery-item'>\n\t\t\t<dt class='gallery-icon portrait'>\n\t\t\t\t<a href='https:\/\/angelikarommel.de\/wp-content\/uploads\/2019\/02\/TGZD9683.jpg' rel=\"lightbox[2433]\"><img loading=\"lazy\" decoding=\"async\" width=\"150\" height=\"150\" src=\"https:\/\/angelikarommel.de\/wp-content\/uploads\/2019\/02\/TGZD9683-150x150.jpg\" class=\"attachment-thumbnail size-thumbnail\" alt=\"\" srcset=\"https:\/\/angelikarommel.de\/wp-content\/uploads\/2019\/02\/TGZD9683-150x150.jpg 150w, https:\/\/angelikarommel.de\/wp-content\/uploads\/2019\/02\/TGZD9683-230x230.jpg 230w\" sizes=\"auto, (max-width: 150px) 100vw, 150px\" \/><\/a>\n\t\t\t<\/dt><\/dl><dl class='gallery-item'>\n\t\t\t<dt class='gallery-icon landscape'>\n\t\t\t\t<a href='https:\/\/angelikarommel.de\/wp-content\/uploads\/2018\/10\/TJIU6911.jpg' rel=\"lightbox[2433]\"><img loading=\"lazy\" decoding=\"async\" width=\"150\" height=\"150\" src=\"https:\/\/angelikarommel.de\/wp-content\/uploads\/2018\/10\/TJIU6911-150x150.jpg\" class=\"attachment-thumbnail size-thumbnail\" alt=\"\" srcset=\"https:\/\/angelikarommel.de\/wp-content\/uploads\/2018\/10\/TJIU6911-150x150.jpg 150w, https:\/\/angelikarommel.de\/wp-content\/uploads\/2018\/10\/TJIU6911-230x230.jpg 230w\" sizes=\"auto, (max-width: 150px) 100vw, 150px\" \/><\/a>\n\t\t\t<\/dt><\/dl><dl class='gallery-item'>\n\t\t\t<dt class='gallery-icon portrait'>\n\t\t\t\t<a href='https:\/\/angelikarommel.de\/wp-content\/uploads\/2018\/10\/GGWY6158.jpg' rel=\"lightbox[2433]\"><img loading=\"lazy\" decoding=\"async\" width=\"150\" height=\"150\" src=\"https:\/\/angelikarommel.de\/wp-content\/uploads\/2018\/10\/GGWY6158-150x150.jpg\" class=\"attachment-thumbnail size-thumbnail\" alt=\"\" srcset=\"https:\/\/angelikarommel.de\/wp-content\/uploads\/2018\/10\/GGWY6158-150x150.jpg 150w, https:\/\/angelikarommel.de\/wp-content\/uploads\/2018\/10\/GGWY6158-230x230.jpg 230w\" sizes=\"auto, (max-width: 150px) 100vw, 150px\" \/><\/a>\n\t\t\t<\/dt><\/dl><br style=\"clear: both\" \/><dl class='gallery-item'>\n\t\t\t<dt class='gallery-icon portrait'>\n\t\t\t\t<a href='https:\/\/angelikarommel.de\/wp-content\/uploads\/2018\/10\/BVEZ2997.jpg' rel=\"lightbox[2433]\"><img loading=\"lazy\" decoding=\"async\" width=\"150\" height=\"150\" src=\"https:\/\/angelikarommel.de\/wp-content\/uploads\/2018\/10\/BVEZ2997-150x150.jpg\" class=\"attachment-thumbnail size-thumbnail\" alt=\"\" srcset=\"https:\/\/angelikarommel.de\/wp-content\/uploads\/2018\/10\/BVEZ2997-150x150.jpg 150w, https:\/\/angelikarommel.de\/wp-content\/uploads\/2018\/10\/BVEZ2997-230x230.jpg 230w\" sizes=\"auto, (max-width: 150px) 100vw, 150px\" \/><\/a>\n\t\t\t<\/dt><\/dl><dl class='gallery-item'>\n\t\t\t<dt class='gallery-icon landscape'>\n\t\t\t\t<a href='https:\/\/angelikarommel.de\/wp-content\/uploads\/2018\/09\/DSC02746.jpg' rel=\"lightbox[2433]\"><img loading=\"lazy\" decoding=\"async\" width=\"150\" height=\"150\" src=\"https:\/\/angelikarommel.de\/wp-content\/uploads\/2018\/09\/DSC02746-150x150.jpg\" class=\"attachment-thumbnail size-thumbnail\" alt=\"\" aria-describedby=\"gallery-2-2632\" srcset=\"https:\/\/angelikarommel.de\/wp-content\/uploads\/2018\/09\/DSC02746-150x150.jpg 150w, https:\/\/angelikarommel.de\/wp-content\/uploads\/2018\/09\/DSC02746-230x230.jpg 230w\" sizes=\"auto, (max-width: 150px) 100vw, 150px\" \/><\/a>\n\t\t\t<\/dt>\n\t\t\t\t<dd class='wp-caption-text gallery-caption' id='gallery-2-2632'>\n\t\t\t\tCamiro 5 1\/2 Monate\n\t\t\t\t<\/dd><\/dl><dl class='gallery-item'>\n\t\t\t<dt class='gallery-icon portrait'>\n\t\t\t\t<a href='https:\/\/angelikarommel.de\/wp-content\/uploads\/2018\/09\/MADI9729.jpg' rel=\"lightbox[2433]\"><img loading=\"lazy\" decoding=\"async\" width=\"150\" height=\"150\" src=\"https:\/\/angelikarommel.de\/wp-content\/uploads\/2018\/09\/MADI9729-150x150.jpg\" class=\"attachment-thumbnail size-thumbnail\" alt=\"\" aria-describedby=\"gallery-2-2621\" srcset=\"https:\/\/angelikarommel.de\/wp-content\/uploads\/2018\/09\/MADI9729-150x150.jpg 150w, https:\/\/angelikarommel.de\/wp-content\/uploads\/2018\/09\/MADI9729-230x230.jpg 230w\" sizes=\"auto, (max-width: 150px) 100vw, 150px\" \/><\/a>\n\t\t\t<\/dt>\n\t\t\t\t<dd class='wp-caption-text gallery-caption' id='gallery-2-2621'>\n\t\t\t\tSeptember\n\t\t\t\t<\/dd><\/dl><br style=\"clear: both\" \/><dl class='gallery-item'>\n\t\t\t<dt class='gallery-icon portrait'>\n\t\t\t\t<a href='https:\/\/angelikarommel.de\/wp-content\/uploads\/2018\/09\/DSC02757.jpg' rel=\"lightbox[2433]\"><img loading=\"lazy\" decoding=\"async\" width=\"150\" height=\"150\" src=\"https:\/\/angelikarommel.de\/wp-content\/uploads\/2018\/09\/DSC02757-150x150.jpg\" class=\"attachment-thumbnail size-thumbnail\" alt=\"\" aria-describedby=\"gallery-2-2642\" srcset=\"https:\/\/angelikarommel.de\/wp-content\/uploads\/2018\/09\/DSC02757-150x150.jpg 150w, https:\/\/angelikarommel.de\/wp-content\/uploads\/2018\/09\/DSC02757-230x230.jpg 230w\" sizes=\"auto, (max-width: 150px) 100vw, 150px\" \/><\/a>\n\t\t\t<\/dt>\n\t\t\t\t<dd class='wp-caption-text gallery-caption' id='gallery-2-2642'>\n\t\t\t\tSeptember\n\t\t\t\t<\/dd><\/dl><dl class='gallery-item'>\n\t\t\t<dt class='gallery-icon landscape'>\n\t\t\t\t<a href='https:\/\/angelikarommel.de\/wp-content\/uploads\/2018\/09\/DSC02781.jpg' rel=\"lightbox[2433]\"><img loading=\"lazy\" decoding=\"async\" width=\"150\" height=\"150\" src=\"https:\/\/angelikarommel.de\/wp-content\/uploads\/2018\/09\/DSC02781-150x150.jpg\" class=\"attachment-thumbnail size-thumbnail\" alt=\"\" aria-describedby=\"gallery-2-2643\" srcset=\"https:\/\/angelikarommel.de\/wp-content\/uploads\/2018\/09\/DSC02781-150x150.jpg 150w, https:\/\/angelikarommel.de\/wp-content\/uploads\/2018\/09\/DSC02781-230x230.jpg 230w\" sizes=\"auto, (max-width: 150px) 100vw, 150px\" \/><\/a>\n\t\t\t<\/dt>\n\t\t\t\t<dd class='wp-caption-text gallery-caption' id='gallery-2-2643'>\n\t\t\t\tSeptember\n\t\t\t\t<\/dd><\/dl><dl class='gallery-item'>\n\t\t\t<dt class='gallery-icon landscape'>\n\t\t\t\t<a href='https:\/\/angelikarommel.de\/wp-content\/uploads\/2018\/09\/DSC02784.jpg' rel=\"lightbox[2433]\"><img loading=\"lazy\" decoding=\"async\" width=\"150\" height=\"150\" src=\"https:\/\/angelikarommel.de\/wp-content\/uploads\/2018\/09\/DSC02784-150x150.jpg\" class=\"attachment-thumbnail size-thumbnail\" alt=\"\" aria-describedby=\"gallery-2-2644\" srcset=\"https:\/\/angelikarommel.de\/wp-content\/uploads\/2018\/09\/DSC02784-150x150.jpg 150w, https:\/\/angelikarommel.de\/wp-content\/uploads\/2018\/09\/DSC02784-230x230.jpg 230w\" sizes=\"auto, (max-width: 150px) 100vw, 150px\" \/><\/a>\n\t\t\t<\/dt>\n\t\t\t\t<dd class='wp-caption-text gallery-caption' id='gallery-2-2644'>\n\t\t\t\tCamiros Lieblingsbesch\u00e4ftigung, schon als Welpe: er planscht in der Wassersch\u00fcssel\n\t\t\t\t<\/dd><\/dl><br style=\"clear: both\" \/><dl class='gallery-item'>\n\t\t\t<dt class='gallery-icon landscape'>\n\t\t\t\t<a href='https:\/\/angelikarommel.de\/wp-content\/uploads\/2018\/09\/DSC02768.jpg' rel=\"lightbox[2433]\"><img loading=\"lazy\" decoding=\"async\" width=\"150\" height=\"150\" src=\"https:\/\/angelikarommel.de\/wp-content\/uploads\/2018\/09\/DSC02768-150x150.jpg\" class=\"attachment-thumbnail size-thumbnail\" alt=\"\" aria-describedby=\"gallery-2-2635\" srcset=\"https:\/\/angelikarommel.de\/wp-content\/uploads\/2018\/09\/DSC02768-150x150.jpg 150w, https:\/\/angelikarommel.de\/wp-content\/uploads\/2018\/09\/DSC02768-230x230.jpg 230w\" sizes=\"auto, (max-width: 150px) 100vw, 150px\" \/><\/a>\n\t\t\t<\/dt>\n\t\t\t\t<dd class='wp-caption-text gallery-caption' id='gallery-2-2635'>\n\t\t\t\tMit Mama Bella\n\t\t\t\t<\/dd><\/dl><dl class='gallery-item'>\n\t\t\t<dt class='gallery-icon landscape'>\n\t\t\t\t<a href='https:\/\/angelikarommel.de\/wp-content\/uploads\/2018\/09\/DSC02761.jpg' rel=\"lightbox[2433]\"><img loading=\"lazy\" decoding=\"async\" width=\"150\" height=\"150\" src=\"https:\/\/angelikarommel.de\/wp-content\/uploads\/2018\/09\/DSC02761-150x150.jpg\" class=\"attachment-thumbnail size-thumbnail\" alt=\"\" aria-describedby=\"gallery-2-2634\" srcset=\"https:\/\/angelikarommel.de\/wp-content\/uploads\/2018\/09\/DSC02761-150x150.jpg 150w, https:\/\/angelikarommel.de\/wp-content\/uploads\/2018\/09\/DSC02761-230x230.jpg 230w\" sizes=\"auto, (max-width: 150px) 100vw, 150px\" \/><\/a>\n\t\t\t<\/dt>\n\t\t\t\t<dd class='wp-caption-text gallery-caption' id='gallery-2-2634'>\n\t\t\t\tSeptember\n\t\t\t\t<\/dd><\/dl><dl class='gallery-item'>\n\t\t\t<dt class='gallery-icon landscape'>\n\t\t\t\t<a href='https:\/\/angelikarommel.de\/wp-content\/uploads\/2018\/09\/DSC02792.jpg' rel=\"lightbox[2433]\"><img loading=\"lazy\" decoding=\"async\" width=\"150\" height=\"150\" src=\"https:\/\/angelikarommel.de\/wp-content\/uploads\/2018\/09\/DSC02792-150x150.jpg\" class=\"attachment-thumbnail size-thumbnail\" alt=\"\" aria-describedby=\"gallery-2-2638\" srcset=\"https:\/\/angelikarommel.de\/wp-content\/uploads\/2018\/09\/DSC02792-150x150.jpg 150w, https:\/\/angelikarommel.de\/wp-content\/uploads\/2018\/09\/DSC02792-230x230.jpg 230w\" sizes=\"auto, (max-width: 150px) 100vw, 150px\" \/><\/a>\n\t\t\t<\/dt>\n\t\t\t\t<dd class='wp-caption-text gallery-caption' id='gallery-2-2638'>\n\t\t\t\tder letzte hei\u00dfe Sommertag: auf den Flie\u00dfen ist es f\u00fcr Mama und Sohn am k\u00fchlsten\n\t\t\t\t<\/dd><\/dl><br style=\"clear: both\" \/><dl class='gallery-item'>\n\t\t\t<dt class='gallery-icon landscape'>\n\t\t\t\t<a href='https:\/\/angelikarommel.de\/wp-content\/uploads\/2018\/07\/VTFT9957.jpg' rel=\"lightbox[2433]\"><img loading=\"lazy\" decoding=\"async\" width=\"150\" height=\"150\" src=\"https:\/\/angelikarommel.de\/wp-content\/uploads\/2018\/07\/VTFT9957-150x150.jpg\" class=\"attachment-thumbnail size-thumbnail\" alt=\"\" srcset=\"https:\/\/angelikarommel.de\/wp-content\/uploads\/2018\/07\/VTFT9957-150x150.jpg 150w, https:\/\/angelikarommel.de\/wp-content\/uploads\/2018\/07\/VTFT9957-230x230.jpg 230w\" sizes=\"auto, (max-width: 150px) 100vw, 150px\" \/><\/a>\n\t\t\t<\/dt><\/dl><dl class='gallery-item'>\n\t\t\t<dt class='gallery-icon portrait'>\n\t\t\t\t<a href='https:\/\/angelikarommel.de\/wp-content\/uploads\/2018\/07\/WEES2910.jpg' rel=\"lightbox[2433]\"><img loading=\"lazy\" decoding=\"async\" width=\"150\" height=\"150\" src=\"https:\/\/angelikarommel.de\/wp-content\/uploads\/2018\/07\/WEES2910-150x150.jpg\" class=\"attachment-thumbnail size-thumbnail\" alt=\"\" srcset=\"https:\/\/angelikarommel.de\/wp-content\/uploads\/2018\/07\/WEES2910-150x150.jpg 150w, https:\/\/angelikarommel.de\/wp-content\/uploads\/2018\/07\/WEES2910-230x230.jpg 230w\" sizes=\"auto, (max-width: 150px) 100vw, 150px\" \/><\/a>\n\t\t\t<\/dt><\/dl><dl class='gallery-item'>\n\t\t\t<dt class='gallery-icon portrait'>\n\t\t\t\t<a href='https:\/\/angelikarommel.de\/wp-content\/uploads\/2018\/06\/AFAY1072.jpg' rel=\"lightbox[2433]\"><img loading=\"lazy\" decoding=\"async\" width=\"150\" height=\"150\" src=\"https:\/\/angelikarommel.de\/wp-content\/uploads\/2018\/06\/AFAY1072-150x150.jpg\" class=\"attachment-thumbnail size-thumbnail\" alt=\"\" srcset=\"https:\/\/angelikarommel.de\/wp-content\/uploads\/2018\/06\/AFAY1072-150x150.jpg 150w, https:\/\/angelikarommel.de\/wp-content\/uploads\/2018\/06\/AFAY1072-230x230.jpg 230w\" sizes=\"auto, (max-width: 150px) 100vw, 150px\" \/><\/a>\n\t\t\t<\/dt><\/dl><br style=\"clear: both\" \/><dl class='gallery-item'>\n\t\t\t<dt class='gallery-icon portrait'>\n\t\t\t\t<a href='https:\/\/angelikarommel.de\/wp-content\/uploads\/2018\/07\/FGFJ7440.jpg' rel=\"lightbox[2433]\"><img loading=\"lazy\" decoding=\"async\" width=\"150\" height=\"150\" src=\"https:\/\/angelikarommel.de\/wp-content\/uploads\/2018\/07\/FGFJ7440-150x150.jpg\" class=\"attachment-thumbnail size-thumbnail\" alt=\"\" srcset=\"https:\/\/angelikarommel.de\/wp-content\/uploads\/2018\/07\/FGFJ7440-150x150.jpg 150w, https:\/\/angelikarommel.de\/wp-content\/uploads\/2018\/07\/FGFJ7440-230x230.jpg 230w\" sizes=\"auto, (max-width: 150px) 100vw, 150px\" \/><\/a>\n\t\t\t<\/dt><\/dl><dl class='gallery-item'>\n\t\t\t<dt class='gallery-icon portrait'>\n\t\t\t\t<a href='https:\/\/angelikarommel.de\/wp-content\/uploads\/2018\/07\/TGOW4391.jpg' rel=\"lightbox[2433]\"><img loading=\"lazy\" decoding=\"async\" width=\"150\" height=\"150\" src=\"https:\/\/angelikarommel.de\/wp-content\/uploads\/2018\/07\/TGOW4391-150x150.jpg\" class=\"attachment-thumbnail size-thumbnail\" alt=\"\" srcset=\"https:\/\/angelikarommel.de\/wp-content\/uploads\/2018\/07\/TGOW4391-150x150.jpg 150w, https:\/\/angelikarommel.de\/wp-content\/uploads\/2018\/07\/TGOW4391-230x230.jpg 230w\" sizes=\"auto, (max-width: 150px) 100vw, 150px\" \/><\/a>\n\t\t\t<\/dt><\/dl><dl class='gallery-item'>\n\t\t\t<dt class='gallery-icon landscape'>\n\t\t\t\t<a href='https:\/\/angelikarommel.de\/wp-content\/uploads\/2018\/06\/XEUL4260.jpg' rel=\"lightbox[2433]\"><img loading=\"lazy\" decoding=\"async\" width=\"150\" height=\"150\" src=\"https:\/\/angelikarommel.de\/wp-content\/uploads\/2018\/06\/XEUL4260-150x150.jpg\" class=\"attachment-thumbnail size-thumbnail\" alt=\"\" srcset=\"https:\/\/angelikarommel.de\/wp-content\/uploads\/2018\/06\/XEUL4260-150x150.jpg 150w, https:\/\/angelikarommel.de\/wp-content\/uploads\/2018\/06\/XEUL4260-230x230.jpg 230w\" sizes=\"auto, (max-width: 150px) 100vw, 150px\" \/><\/a>\n\t\t\t<\/dt><\/dl><br style=\"clear: both\" \/><dl class='gallery-item'>\n\t\t\t<dt class='gallery-icon portrait'>\n\t\t\t\t<a href='https:\/\/angelikarommel.de\/wp-content\/uploads\/2018\/06\/UCWX3589.jpg' rel=\"lightbox[2433]\"><img loading=\"lazy\" decoding=\"async\" width=\"150\" height=\"150\" src=\"https:\/\/angelikarommel.de\/wp-content\/uploads\/2018\/06\/UCWX3589-150x150.jpg\" class=\"attachment-thumbnail size-thumbnail\" alt=\"\" srcset=\"https:\/\/angelikarommel.de\/wp-content\/uploads\/2018\/06\/UCWX3589-150x150.jpg 150w, https:\/\/angelikarommel.de\/wp-content\/uploads\/2018\/06\/UCWX3589-230x230.jpg 230w\" sizes=\"auto, (max-width: 150px) 100vw, 150px\" \/><\/a>\n\t\t\t<\/dt><\/dl><dl class='gallery-item'>\n\t\t\t<dt class='gallery-icon portrait'>\n\t\t\t\t<a href='https:\/\/angelikarommel.de\/wp-content\/uploads\/2018\/06\/SDNY2072.jpg' rel=\"lightbox[2433]\"><img loading=\"lazy\" decoding=\"async\" width=\"150\" height=\"150\" src=\"https:\/\/angelikarommel.de\/wp-content\/uploads\/2018\/06\/SDNY2072-150x150.jpg\" class=\"attachment-thumbnail size-thumbnail\" alt=\"\" srcset=\"https:\/\/angelikarommel.de\/wp-content\/uploads\/2018\/06\/SDNY2072-150x150.jpg 150w, https:\/\/angelikarommel.de\/wp-content\/uploads\/2018\/06\/SDNY2072-230x230.jpg 230w\" sizes=\"auto, (max-width: 150px) 100vw, 150px\" \/><\/a>\n\t\t\t<\/dt><\/dl><dl class='gallery-item'>\n\t\t\t<dt class='gallery-icon portrait'>\n\t\t\t\t<a href='https:\/\/angelikarommel.de\/wp-content\/uploads\/2018\/06\/PLEJ3909.jpg' rel=\"lightbox[2433]\"><img loading=\"lazy\" decoding=\"async\" width=\"150\" height=\"150\" src=\"https:\/\/angelikarommel.de\/wp-content\/uploads\/2018\/06\/PLEJ3909-150x150.jpg\" class=\"attachment-thumbnail size-thumbnail\" alt=\"\" srcset=\"https:\/\/angelikarommel.de\/wp-content\/uploads\/2018\/06\/PLEJ3909-150x150.jpg 150w, https:\/\/angelikarommel.de\/wp-content\/uploads\/2018\/06\/PLEJ3909-230x230.jpg 230w\" sizes=\"auto, (max-width: 150px) 100vw, 150px\" \/><\/a>\n\t\t\t<\/dt><\/dl><br style=\"clear: both\" \/><dl class='gallery-item'>\n\t\t\t<dt class='gallery-icon portrait'>\n\t\t\t\t<a href='https:\/\/angelikarommel.de\/wp-content\/uploads\/2018\/06\/KGTA7557.jpg' rel=\"lightbox[2433]\"><img loading=\"lazy\" decoding=\"async\" width=\"150\" height=\"150\" src=\"https:\/\/angelikarommel.de\/wp-content\/uploads\/2018\/06\/KGTA7557-150x150.jpg\" class=\"attachment-thumbnail size-thumbnail\" alt=\"\" srcset=\"https:\/\/angelikarommel.de\/wp-content\/uploads\/2018\/06\/KGTA7557-150x150.jpg 150w, https:\/\/angelikarommel.de\/wp-content\/uploads\/2018\/06\/KGTA7557-230x230.jpg 230w\" sizes=\"auto, (max-width: 150px) 100vw, 150px\" \/><\/a>\n\t\t\t<\/dt><\/dl><dl class='gallery-item'>\n\t\t\t<dt class='gallery-icon landscape'>\n\t\t\t\t<a href='https:\/\/angelikarommel.de\/wp-content\/uploads\/2018\/06\/FQGV0161.jpg' rel=\"lightbox[2433]\"><img loading=\"lazy\" decoding=\"async\" width=\"150\" height=\"150\" src=\"https:\/\/angelikarommel.de\/wp-content\/uploads\/2018\/06\/FQGV0161-150x150.jpg\" class=\"attachment-thumbnail size-thumbnail\" alt=\"\" srcset=\"https:\/\/angelikarommel.de\/wp-content\/uploads\/2018\/06\/FQGV0161-150x150.jpg 150w, https:\/\/angelikarommel.de\/wp-content\/uploads\/2018\/06\/FQGV0161-230x230.jpg 230w\" sizes=\"auto, (max-width: 150px) 100vw, 150px\" \/><\/a>\n\t\t\t<\/dt><\/dl>\n\t\t\t<br style='clear: both' \/>\n\t\t<\/div>\n\n","protected":false},"excerpt":{"rendered":"<p>2019 2018<\/p>\n","protected":false},"author":1,"featured_media":0,"parent":0,"menu_order":0,"comment_status":"closed","ping_status":"closed","template":"","meta":{"footnotes":""},"class_list":["post-2433","page","type-page","status-publish","hentry"],"_links":{"self":[{"href":"https:\/\/angelikarommel.de\/index.php?rest_route=\/wp\/v2\/pages\/2433","targetHints":{"allow":["GET"]}}],"collection":[{"href":"https:\/\/angelikarommel.de\/index.php?rest_route=\/wp\/v2\/pages"}],"about":[{"href":"https:\/\/angelikarommel.de\/index.php?rest_route=\/wp\/v2\/types\/page"}],"author":[{"embeddable":true,"href":"https:\/\/angelikarommel.de\/index.php?rest_route=\/wp\/v2\/users\/1"}],"replies":[{"embeddable":true,"href":"https:\/\/angelikarommel.de\/index.php?rest_route=%2Fwp%2Fv2%2Fcomments&post=2433"}],"version-history":[{"count":7,"href":"https:\/\/angelikarommel.de\/index.php?rest_route=\/wp\/v2\/pages\/2433\/revisions"}],"predecessor-version":[{"id":2981,"href":"https:\/\/angelikarommel.de\/index.php?rest_route=\/wp\/v2\/pages\/2433\/revisions\/2981"}],"wp:attachment":[{"href":"https:\/\/angelikarommel.de\/index.php?rest_route=%2Fwp%2Fv2%2Fmedia&parent=2433"}],"curies":[{"name":"wp","href":"https:\/\/api.w.org\/{rel}","templated":true}]}}