{"id":23,"date":"2015-08-10T18:16:44","date_gmt":"2015-08-10T18:16:44","guid":{"rendered":"http:\/\/angelikarommel.de\/?page_id=23"},"modified":"2026-04-13T07:58:53","modified_gmt":"2026-04-13T07:58:53","slug":"home","status":"publish","type":"page","link":"https:\/\/angelikarommel.de\/","title":{"rendered":"Home"},"content":{"rendered":"\n<p style=\"text-align: center;\"><strong>Herzlich willkommen auf unserer Homepage Berner Sennenhunde vom Haselw\u00e4ldchen.<\/strong><\/p>\n\n\n\n<p class=\"has-text-align-center\">Wir mussten von unserer Ronja Abschied nehmen<\/p>\n\n\n<div class=\"wp-block-image\">\n<figure class=\"aligncenter size-full is-resized\"><a href=\"https:\/\/angelikarommel.de\/wp-content\/uploads\/2026\/04\/image.png\" rel=\"lightbox[23]\"><img loading=\"lazy\" decoding=\"async\" width=\"300\" height=\"224\" src=\"https:\/\/angelikarommel.de\/wp-content\/uploads\/2026\/04\/image.png\" alt=\"\" class=\"wp-image-6079\" style=\"width:335px;height:auto\"\/><\/a><\/figure><\/div>\n\n\n\n\n<p class=\"has-text-align-center\"><strong style=\"font-size: inherit;\">Aktuelles \u00fcber unsere Berner Sennenhunde ist unter <a href=\"http:\/\/angelikarommel.de\/?page_id=29\">News<\/a> zu erfahren.<\/strong><\/p>\n\n\n\n<p><\/p>\n\n\n\n\n\n<p class=\"has-text-align-center\">Dass mir mein Hund das Liebste sei, sagst du, oh Mensch, sei S\u00fcnde, doch mein Hund bleibt mir im Sturme treu, der Mensch nicht mal im Winde.<\/p>\n\n\n\n<p class=\"has-text-align-center\">Franz v. Assisi<\/p>\n\n\n\n<p class=\"has-text-align-center\">Ich bin Mitglied im SSV e.V. \/ VDH \/ FCI<\/p>\n\n\n<div class=\"wp-block-image\">\n<figure class=\"alignleft\"><a href=\"http:\/\/www.ssv-ev.de\" target=\"_blank\" rel=\"noopener noreferrer\"><img loading=\"lazy\" decoding=\"async\" width=\"233\" height=\"153\" src=\"http:\/\/angelikarommel.de\/wp-content\/uploads\/2015\/08\/ssvlogo.jpg\" alt=\"ssvlogo\" class=\"wp-image-488\"\/><\/a><\/figure><\/div>\n\n<div class=\"wp-block-image\">\n<figure class=\"alignleft\"><a href=\"http:\/\/www.vdh.de\" target=\"_blank\" rel=\"noopener noreferrer\"><img loading=\"lazy\" decoding=\"async\" width=\"227\" height=\"149\" src=\"http:\/\/angelikarommel.de\/wp-content\/uploads\/2015\/08\/vdhlogo.jpg\" alt=\"vdhlogo\" class=\"wp-image-489\"\/><\/a><\/figure><\/div>\n\n<div class=\"wp-block-image\">\n<figure class=\"alignleft\"><a href=\"http:\/\/www.fci.be\/de\/\" target=\"_blank\" rel=\"noopener noreferrer\"><img loading=\"lazy\" decoding=\"async\" width=\"227\" height=\"149\" src=\"http:\/\/angelikarommel.de\/wp-content\/uploads\/2015\/08\/fcilogo.jpg\" alt=\"fcilogo\" class=\"wp-image-487\"\/><\/a><\/figure><\/div>\n\n\n<p class=\"has-text-align-center\"><\/p>\n","protected":false},"excerpt":{"rendered":"<p>Herzlich willkommen auf unserer Homepage Berner Sennenhunde vom Haselw\u00e4ldchen. Wir mussten von unserer Ronja Abschied nehmen Aktuelles \u00fcber unsere Berner Sennenhunde ist unter News zu erfahren. Dass mir mein Hund das Liebste sei, sagst du, oh Mensch, sei S\u00fcnde, doch&hellip; <\/p>\n","protected":false},"author":1,"featured_media":0,"parent":0,"menu_order":0,"comment_status":"closed","ping_status":"closed","template":"","meta":{"footnotes":""},"class_list":["post-23","page","type-page","status-publish","hentry"],"_links":{"self":[{"href":"https:\/\/angelikarommel.de\/index.php?rest_route=\/wp\/v2\/pages\/23","targetHints":{"allow":["GET"]}}],"collection":[{"href":"https:\/\/angelikarommel.de\/index.php?rest_route=\/wp\/v2\/pages"}],"about":[{"href":"https:\/\/angelikarommel.de\/index.php?rest_route=\/wp\/v2\/types\/page"}],"author":[{"embeddable":true,"href":"https:\/\/angelikarommel.de\/index.php?rest_route=\/wp\/v2\/users\/1"}],"replies":[{"embeddable":true,"href":"https:\/\/angelikarommel.de\/index.php?rest_route=%2Fwp%2Fv2%2Fcomments&post=23"}],"version-history":[{"count":160,"href":"https:\/\/angelikarommel.de\/index.php?rest_route=\/wp\/v2\/pages\/23\/revisions"}],"predecessor-version":[{"id":6081,"href":"https:\/\/angelikarommel.de\/index.php?rest_route=\/wp\/v2\/pages\/23\/revisions\/6081"}],"wp:attachment":[{"href":"https:\/\/angelikarommel.de\/index.php?rest_route=%2Fwp%2Fv2%2Fmedia&parent=23"}],"curies":[{"name":"wp","href":"https:\/\/api.w.org\/{rel}","templated":true}]}}