{"id":1734,"date":"2017-12-07T09:40:34","date_gmt":"2017-12-07T09:40:34","guid":{"rendered":"http:\/\/angelikarommel.de\/?page_id=1734"},"modified":"2018-06-21T06:13:52","modified_gmt":"2018-06-21T06:13:52","slug":"nachkommen","status":"publish","type":"page","link":"https:\/\/angelikarommel.de\/?page_id=1734","title":{"rendered":"Nachkommen"},"content":{"rendered":"<p style=\"text-align: center;\"><strong>Nachkommen unserer W\u00fcrfe<\/strong><\/p>\n<p style=\"text-align: center;\">Auf dieser Seite sind die Bilder unserer Nachkommen aus unseren W\u00fcrfen versteckt. Wir freuen uns sehr \u00fcber die Bilder, die wir von den bei uns geborenen Hunden bekommen und bedanken uns herzliche bei den flei\u00dfigen Fotografen.<\/p>\n<p style=\"text-align: center;\"><a href=\"http:\/\/angelikarommel.de\/?page_id=1736\" target=\"_blank\" rel=\"http:\/\/angelikarommel.de\/?page_id=1736\"><img loading=\"lazy\" decoding=\"async\" class=\"aligncenter wp-image-770 size-medium\" src=\"http:\/\/angelikarommel.de\/wp-content\/uploads\/2017\/03\/A-Wurf-Vorlage-300x200.jpg\" alt=\"A-Wurf Vorlage\" width=\"300\" height=\"200\" srcset=\"https:\/\/angelikarommel.de\/wp-content\/uploads\/2017\/03\/A-Wurf-Vorlage-300x200.jpg 300w, https:\/\/angelikarommel.de\/wp-content\/uploads\/2017\/03\/A-Wurf-Vorlage-768x511.jpg 768w, https:\/\/angelikarommel.de\/wp-content\/uploads\/2017\/03\/A-Wurf-Vorlage-1024x682.jpg 1024w, https:\/\/angelikarommel.de\/wp-content\/uploads\/2017\/03\/A-Wurf-Vorlage.jpg 1200w\" sizes=\"auto, (max-width: 300px) 100vw, 300px\" \/><\/a><a href=\"http:\/\/angelikarommel.de\/?page_id=1758\"><img loading=\"lazy\" decoding=\"async\" class=\"aligncenter wp-image-1373 size-medium\" src=\"http:\/\/angelikarommel.de\/wp-content\/uploads\/2017\/09\/DSC09000B_Wurf-300x200.jpg\" alt=\"DSC09000B_Wurf\" width=\"300\" height=\"200\" srcset=\"https:\/\/angelikarommel.de\/wp-content\/uploads\/2017\/09\/DSC09000B_Wurf-300x200.jpg 300w, https:\/\/angelikarommel.de\/wp-content\/uploads\/2017\/09\/DSC09000B_Wurf-768x511.jpg 768w, https:\/\/angelikarommel.de\/wp-content\/uploads\/2017\/09\/DSC09000B_Wurf-1024x682.jpg 1024w\" sizes=\"auto, (max-width: 300px) 100vw, 300px\" \/><\/a><a href=\"http:\/\/angelikarommel.de\/?page_id=2442\"><img loading=\"lazy\" decoding=\"async\" class=\"aligncenter wp-image-2458 size-medium\" src=\"http:\/\/angelikarommel.de\/wp-content\/uploads\/2017\/12\/DSC02853beaarbeitet-300x200.jpg\" alt=\"DSC02853beaarbeitet\" width=\"300\" height=\"200\" srcset=\"https:\/\/angelikarommel.de\/wp-content\/uploads\/2017\/12\/DSC02853beaarbeitet-300x200.jpg 300w, https:\/\/angelikarommel.de\/wp-content\/uploads\/2017\/12\/DSC02853beaarbeitet-768x511.jpg 768w, https:\/\/angelikarommel.de\/wp-content\/uploads\/2017\/12\/DSC02853beaarbeitet-1024x682.jpg 1024w\" sizes=\"auto, (max-width: 300px) 100vw, 300px\" \/><\/a><\/p>\n<p style=\"text-align: center;\">\n","protected":false},"excerpt":{"rendered":"<p>Nachkommen unserer W\u00fcrfe Auf dieser Seite sind die Bilder unserer Nachkommen aus unseren W\u00fcrfen versteckt. Wir freuen uns sehr \u00fcber die Bilder, die wir von den bei uns geborenen Hunden bekommen und bedanken uns herzliche bei den flei\u00dfigen Fotografen.<\/p>\n","protected":false},"author":1,"featured_media":0,"parent":0,"menu_order":0,"comment_status":"closed","ping_status":"closed","template":"","meta":{"footnotes":""},"class_list":["post-1734","page","type-page","status-publish","hentry"],"_links":{"self":[{"href":"https:\/\/angelikarommel.de\/index.php?rest_route=\/wp\/v2\/pages\/1734","targetHints":{"allow":["GET"]}}],"collection":[{"href":"https:\/\/angelikarommel.de\/index.php?rest_route=\/wp\/v2\/pages"}],"about":[{"href":"https:\/\/angelikarommel.de\/index.php?rest_route=\/wp\/v2\/types\/page"}],"author":[{"embeddable":true,"href":"https:\/\/angelikarommel.de\/index.php?rest_route=\/wp\/v2\/users\/1"}],"replies":[{"embeddable":true,"href":"https:\/\/angelikarommel.de\/index.php?rest_route=%2Fwp%2Fv2%2Fcomments&post=1734"}],"version-history":[{"count":9,"href":"https:\/\/angelikarommel.de\/index.php?rest_route=\/wp\/v2\/pages\/1734\/revisions"}],"predecessor-version":[{"id":2460,"href":"https:\/\/angelikarommel.de\/index.php?rest_route=\/wp\/v2\/pages\/1734\/revisions\/2460"}],"wp:attachment":[{"href":"https:\/\/angelikarommel.de\/index.php?rest_route=%2Fwp%2Fv2%2Fmedia&parent=1734"}],"curies":[{"name":"wp","href":"https:\/\/api.w.org\/{rel}","templated":true}]}}