{"id":1649,"date":"2017-11-21T17:34:03","date_gmt":"2017-11-21T17:34:03","guid":{"rendered":"http:\/\/angelikarommel.de\/?page_id=1649"},"modified":"2021-03-13T10:08:46","modified_gmt":"2021-03-13T10:08:46","slug":"bonny","status":"publish","type":"page","link":"https:\/\/angelikarommel.de\/?page_id=1649","title":{"rendered":"Bonny"},"content":{"rendered":"<p style=\"text-align: center;\"><strong>Bonny vom Haselw\u00e4ldchen<\/strong><\/p>\n<p><a href=\"http:\/\/angelikarommel.de\/wp-content\/uploads\/2018\/05\/DSC04150.jpg\" rel=\"lightbox[1649]\"><img loading=\"lazy\" decoding=\"async\" class=\"aligncenter size-medium wp-image-2247\" src=\"http:\/\/angelikarommel.de\/wp-content\/uploads\/2018\/05\/DSC04150-300x200.jpg\" alt=\"DSC04150\" width=\"300\" height=\"200\" srcset=\"https:\/\/angelikarommel.de\/wp-content\/uploads\/2018\/05\/DSC04150-300x200.jpg 300w, https:\/\/angelikarommel.de\/wp-content\/uploads\/2018\/05\/DSC04150-768x511.jpg 768w, https:\/\/angelikarommel.de\/wp-content\/uploads\/2018\/05\/DSC04150-1024x682.jpg 1024w\" sizes=\"auto, (max-width: 300px) 100vw, 300px\" \/><\/a>Bonny vom Haselw\u00e4ldchen wurde am 16. September 2017 geboren. Ihre Mutter Mara (Xanimara vom Spitalhof) schenkte uns den B-Wurf. Vater ist Taron von Gramont.<\/p>\n<p>Bonny wuchs mit ihren 5 Br\u00fcdern und 3 Schwestern in unserer Zuchtst\u00e4tte auf. Sie wohnt bei unserer Tochter nebenan und besucht uns und das Rudel regelm\u00e4\u00dfig.<\/p>\n<p>Mit 2 Jahren ist Bonny in Eisleben angek\u00f6rt worden. Bonny wird keine Welpen bekommen.<\/p>\n","protected":false},"excerpt":{"rendered":"<p>Bonny vom Haselw\u00e4ldchen Bonny vom Haselw\u00e4ldchen wurde am 16. September 2017 geboren. Ihre Mutter Mara (Xanimara vom Spitalhof) schenkte uns den B-Wurf. Vater ist Taron von Gramont. Bonny wuchs mit ihren 5 Br\u00fcdern und 3 Schwestern in unserer Zuchtst\u00e4tte auf.&hellip; <\/p>\n","protected":false},"author":1,"featured_media":0,"parent":0,"menu_order":0,"comment_status":"closed","ping_status":"closed","template":"","meta":{"footnotes":""},"class_list":["post-1649","page","type-page","status-publish","hentry"],"_links":{"self":[{"href":"https:\/\/angelikarommel.de\/index.php?rest_route=\/wp\/v2\/pages\/1649","targetHints":{"allow":["GET"]}}],"collection":[{"href":"https:\/\/angelikarommel.de\/index.php?rest_route=\/wp\/v2\/pages"}],"about":[{"href":"https:\/\/angelikarommel.de\/index.php?rest_route=\/wp\/v2\/types\/page"}],"author":[{"embeddable":true,"href":"https:\/\/angelikarommel.de\/index.php?rest_route=\/wp\/v2\/users\/1"}],"replies":[{"embeddable":true,"href":"https:\/\/angelikarommel.de\/index.php?rest_route=%2Fwp%2Fv2%2Fcomments&post=1649"}],"version-history":[{"count":8,"href":"https:\/\/angelikarommel.de\/index.php?rest_route=\/wp\/v2\/pages\/1649\/revisions"}],"predecessor-version":[{"id":3887,"href":"https:\/\/angelikarommel.de\/index.php?rest_route=\/wp\/v2\/pages\/1649\/revisions\/3887"}],"wp:attachment":[{"href":"https:\/\/angelikarommel.de\/index.php?rest_route=%2Fwp%2Fv2%2Fmedia&parent=1649"}],"curies":[{"name":"wp","href":"https:\/\/api.w.org\/{rel}","templated":true}]}}