{"id":112,"date":"2015-08-31T16:18:11","date_gmt":"2015-08-31T16:18:11","guid":{"rendered":"http:\/\/angelikarommel.de\/?page_id=112"},"modified":"2019-01-12T09:08:55","modified_gmt":"2019-01-12T09:08:55","slug":"bella","status":"publish","type":"page","link":"https:\/\/angelikarommel.de\/?page_id=112","title":{"rendered":"Bella"},"content":{"rendered":"<div id=\"attachment_115\" style=\"width: 293px\" class=\"wp-caption aligncenter\"><a href=\"http:\/\/angelikarommel.de\/wp-content\/uploads\/2015\/08\/IMG_3605-e1441037661439.jpg\" rel=\"lightbox[112]\"><img loading=\"lazy\" decoding=\"async\" aria-describedby=\"caption-attachment-115\" class=\"wp-image-115\" src=\"http:\/\/angelikarommel.de\/wp-content\/uploads\/2015\/08\/IMG_3605-e1441037661439-200x300.jpg\" alt=\"IMG_3605\" width=\"283\" height=\"425\" srcset=\"https:\/\/angelikarommel.de\/wp-content\/uploads\/2015\/08\/IMG_3605-e1441037661439-200x300.jpg 200w, https:\/\/angelikarommel.de\/wp-content\/uploads\/2015\/08\/IMG_3605-e1441037661439-683x1024.jpg 683w\" sizes=\"auto, (max-width: 283px) 100vw, 283px\" \/><\/a><p id=\"caption-attachment-115\" class=\"wp-caption-text\">Peduli&#8217;s Arzu la belle (7.1.2014 &#8211; 28.12.2018)<\/p><\/div>\n<p style=\"text-align: justify;\">Bella (Peduli&#8217;s Arzu la belle) wurde am 7. Januar 2014 als letzter Welpe geboren. Ihre Mutter ist Chelsea-Camille von der Brettachquelle, ihr Vater ist Murphy vom Rickenwind. Dank ihrer Z\u00fcchterin Edith Purschwitz konnte sie ins Leben geholt werden. Sie erfuhr eine liebevolle und f\u00fcrsorgliche Welpenzeit in Werneck. Danke, liebe Edith und lieber Uli, dass Ihr uns diese einmalige H\u00fcndin anvertraut habt.<\/p>\n<p style=\"text-align: center;\"><a href=\"http:\/\/angelikarommel.de\/wp-content\/uploads\/2015\/08\/IMG_9568.jpg\" rel=\"lightbox[112]\"><img loading=\"lazy\" decoding=\"async\" class=\"alignnone size-medium wp-image-113\" src=\"http:\/\/angelikarommel.de\/wp-content\/uploads\/2015\/08\/IMG_9568-300x200.jpg\" alt=\"IMG_9568\" width=\"300\" height=\"200\" srcset=\"https:\/\/angelikarommel.de\/wp-content\/uploads\/2015\/08\/IMG_9568-300x200.jpg 300w, https:\/\/angelikarommel.de\/wp-content\/uploads\/2015\/08\/IMG_9568-1024x683.jpg 1024w\" sizes=\"auto, (max-width: 300px) 100vw, 300px\" \/><\/a><\/p>\n<p style=\"text-align: justify;\">Im Alter von 9 Wochen zog Bella bei uns in Ederheim ein und seither begleitet sie uns \u00fcberall hin.<\/p>\n<p style=\"text-align: justify;\">Sie ist zu einer liebevollen anschmiegsamen ausgeglichenen H\u00fcndin herangewachsen, die sich auch durch die j\u00fcngere Mara nicht aus der Ruhe bringen l\u00e4sst. Die beiden M\u00e4dels bilden unser Dream-Team.<\/p>\n<p>&nbsp;<\/p>\n","protected":false},"excerpt":{"rendered":"<p>Bella (Peduli&#8217;s Arzu la belle) wurde am 7. Januar 2014 als letzter Welpe geboren. Ihre Mutter ist Chelsea-Camille von der Brettachquelle, ihr Vater ist Murphy vom Rickenwind. Dank ihrer Z\u00fcchterin Edith Purschwitz konnte sie ins Leben geholt werden. Sie erfuhr&hellip; <\/p>\n","protected":false},"author":1,"featured_media":0,"parent":0,"menu_order":0,"comment_status":"closed","ping_status":"closed","template":"","meta":{"footnotes":""},"class_list":["post-112","page","type-page","status-publish","hentry"],"_links":{"self":[{"href":"https:\/\/angelikarommel.de\/index.php?rest_route=\/wp\/v2\/pages\/112","targetHints":{"allow":["GET"]}}],"collection":[{"href":"https:\/\/angelikarommel.de\/index.php?rest_route=\/wp\/v2\/pages"}],"about":[{"href":"https:\/\/angelikarommel.de\/index.php?rest_route=\/wp\/v2\/types\/page"}],"author":[{"embeddable":true,"href":"https:\/\/angelikarommel.de\/index.php?rest_route=\/wp\/v2\/users\/1"}],"replies":[{"embeddable":true,"href":"https:\/\/angelikarommel.de\/index.php?rest_route=%2Fwp%2Fv2%2Fcomments&post=112"}],"version-history":[{"count":7,"href":"https:\/\/angelikarommel.de\/index.php?rest_route=\/wp\/v2\/pages\/112\/revisions"}],"predecessor-version":[{"id":2778,"href":"https:\/\/angelikarommel.de\/index.php?rest_route=\/wp\/v2\/pages\/112\/revisions\/2778"}],"wp:attachment":[{"href":"https:\/\/angelikarommel.de\/index.php?rest_route=%2Fwp%2Fv2%2Fmedia&parent=112"}],"curies":[{"name":"wp","href":"https:\/\/api.w.org\/{rel}","templated":true}]}}